{"id":160,"date":"2023-08-12T20:04:22","date_gmt":"2023-08-12T18:04:22","guid":{"rendered":"http:\/\/clementarki-portfolio.fr\/clementportfolio\/?page_id=160"},"modified":"2024-03-04T22:49:55","modified_gmt":"2024-03-04T21:49:55","slug":"formation","status":"publish","type":"page","link":"https:\/\/clementarki-portfolio.fr\/clementportfolio\/formation\/","title":{"rendered":"Formation"},"content":{"rendered":"\n<h1 class=\"wp-block-heading has-text-align-center has-black-color has-text-color\"><br><span style=\"text-decoration: underline;\"><strong>Formation<\/strong><\/span><br><br><\/h1>\n\n\n\n<hr class=\"wp-block-separator aligncenter has-alpha-channel-opacity is-style-wide\"\/>\n\n\n\n<div class=\"wp-block-cover alignfull\" style=\"min-height:480px;aspect-ratio:unset;\"><span aria-hidden=\"true\" class=\"wp-block-cover__background has-background-dim\"><\/span><img loading=\"lazy\" decoding=\"async\" width=\"1000\" height=\"668\" class=\"wp-block-cover__image-background wp-image-1199\" alt=\"\" src=\"http:\/\/clementarki-portfolio.fr\/clementportfolio\/wp-content\/uploads\/2023\/08\/fomration.png\" data-object-fit=\"cover\"\/><div class=\"wp-block-cover__inner-container is-layout-flow wp-block-cover-is-layout-flow\">\n<p class=\"has-text-align-center has-ast-global-color-5-color has-text-color has-x-large-font-size\"><span style=\"text-decoration: underline;\"><strong>Projets et TP<\/strong><\/span><\/p>\n<\/div><\/div>\n\n\n\n<p><br><\/p>\n\n\n\n<hr class=\"wp-block-separator has-alpha-channel-opacity barre6 is-style-wide\"\/>\n\n\n\n<p class=\"has-text-align-center has-black-color has-text-color has-medium-font-size\">Au cours de ma formation en BTS, j&rsquo;ai r\u00e9alis\u00e9 de nombreux projets pratiques et TP en programmation, r\u00e9seaux et cybers\u00e9curit\u00e9, explorant les sp\u00e9cialit\u00e9s du BTS SIO au fil des semestres et mettant en pratique les connaissances acquises en cours th\u00e9oriques. <\/p>\n\n\n\n<p class=\"has-text-align-center has-black-color has-text-color has-medium-font-size\">En choisissant la sp\u00e9cialit\u00e9 SLAM du BTS SIO, j&rsquo;ai principalement travaill\u00e9 sur des projets orient\u00e9s d\u00e9veloppement.<\/p>\n\n\n\n<p class=\"has-text-align-center has-black-color has-text-color has-medium-font-size\">Vous pourrez consulter la liste des projets, TP et autres activit\u00e9s que j&rsquo;ai r\u00e9alis\u00e9s dans les Blocs 1, 2, 3 ainsi qu&rsquo;en atelier de professionnalisation.<br><\/p>\n\n\n\n<hr class=\"wp-block-separator has-alpha-channel-opacity is-style-wide\"\/>\n\n\n\n<h3 class=\"wp-block-heading has-text-align-center has-black-color has-text-color\"><br><strong>Page Projets<\/strong><br><\/h3>\n\n\n\n<div class=\"wp-block-buttons has-custom-font-size has-medium-font-size is-content-justification-center is-layout-flex wp-container-core-buttons-is-layout-a89b3969 wp-block-buttons-is-layout-flex\">\n<div class=\"wp-block-button\"><a class=\"wp-block-button__link has-ast-global-color-3-background-color has-background has-text-align-center wp-element-button\" href=\"https:\/\/clementarki-portfolio.fr\/clementportfolio\/projets-2\/\">Acc\u00e9der \u00e0 la page Projets<\/a><\/div>\n<\/div>\n\n\n\n<p><br><\/p>\n\n\n\n<hr class=\"wp-block-separator has-alpha-channel-opacity\"\/>\n\n\n\n<h3 class=\"wp-block-heading has-text-align-center has-black-color has-text-color\"><br><br><strong>Page TP<\/strong><\/h3>\n\n\n\n<div class=\"wp-block-buttons has-custom-font-size has-medium-font-size is-content-justification-center is-layout-flex wp-container-core-buttons-is-layout-a89b3969 wp-block-buttons-is-layout-flex\">\n<div class=\"wp-block-button\"><a class=\"wp-block-button__link has-ast-global-color-3-background-color has-background has-text-align-center wp-element-button\" href=\"https:\/\/clementarki-portfolio.fr\/clementportfolio\/tp\/\">Acc\u00e9der \u00e0 la page TP<\/a><\/div>\n<\/div>\n\n\n\n<p><br><br><\/p>\n\n\n\n<p><br><br><br><br><\/p>\n","protected":false},"excerpt":{"rendered":"<p>Formation Au cours de ma formation en BTS, j&rsquo;ai r\u00e9alis\u00e9 de nombreux projets pratiques et TP en programmation, r\u00e9seaux et cybers\u00e9curit\u00e9, explorant les sp\u00e9cialit\u00e9s du BTS SIO au fil des semestres et mettant en pratique les connaissances acquises en cours th\u00e9oriques. En choisissant la sp\u00e9cialit\u00e9 SLAM du BTS SIO, j&rsquo;ai principalement travaill\u00e9 sur des projets &hellip;<\/p>\n<p class=\"read-more\"> <a class=\"\" href=\"https:\/\/clementarki-portfolio.fr\/clementportfolio\/formation\/\"> <span class=\"screen-reader-text\">Formation<\/span> Lire la suite\u00a0\u00bb<\/a><\/p>\n","protected":false},"author":1,"featured_media":0,"parent":0,"menu_order":0,"comment_status":"closed","ping_status":"closed","template":"","meta":{"site-sidebar-layout":"default","site-content-layout":"default","ast-global-header-display":"","ast-banner-title-visibility":"","ast-main-header-display":"","ast-hfb-above-header-display":"","ast-hfb-below-header-display":"","ast-hfb-mobile-header-display":"","site-post-title":"disabled","ast-breadcrumbs-content":"","ast-featured-img":"","footer-sml-layout":"","theme-transparent-header-meta":"","adv-header-id-meta":"","stick-header-meta":"","header-above-stick-meta":"","header-main-stick-meta":"","header-below-stick-meta":"","footnotes":""},"class_list":["post-160","page","type-page","status-publish","hentry"],"_links":{"self":[{"href":"https:\/\/clementarki-portfolio.fr\/clementportfolio\/wp-json\/wp\/v2\/pages\/160","targetHints":{"allow":["GET"]}}],"collection":[{"href":"https:\/\/clementarki-portfolio.fr\/clementportfolio\/wp-json\/wp\/v2\/pages"}],"about":[{"href":"https:\/\/clementarki-portfolio.fr\/clementportfolio\/wp-json\/wp\/v2\/types\/page"}],"author":[{"embeddable":true,"href":"https:\/\/clementarki-portfolio.fr\/clementportfolio\/wp-json\/wp\/v2\/users\/1"}],"replies":[{"embeddable":true,"href":"https:\/\/clementarki-portfolio.fr\/clementportfolio\/wp-json\/wp\/v2\/comments?post=160"}],"version-history":[{"count":802,"href":"https:\/\/clementarki-portfolio.fr\/clementportfolio\/wp-json\/wp\/v2\/pages\/160\/revisions"}],"predecessor-version":[{"id":3992,"href":"https:\/\/clementarki-portfolio.fr\/clementportfolio\/wp-json\/wp\/v2\/pages\/160\/revisions\/3992"}],"wp:attachment":[{"href":"https:\/\/clementarki-portfolio.fr\/clementportfolio\/wp-json\/wp\/v2\/media?parent=160"}],"curies":[{"name":"wp","href":"https:\/\/api.w.org\/{rel}","templated":true}]}}