{"id":162,"date":"2023-08-12T20:05:03","date_gmt":"2023-08-12T18:05:03","guid":{"rendered":"http:\/\/clementarki-portfolio.fr\/clementportfolio\/?page_id=162"},"modified":"2024-07-25T00:13:34","modified_gmt":"2024-07-24T22:13:34","slug":"veilles","status":"publish","type":"page","link":"https:\/\/clementarki-portfolio.fr\/clementportfolio\/veilles\/","title":{"rendered":"Veilles"},"content":{"rendered":"\n<h1 class=\"wp-block-heading has-text-align-center hauteur veilles has-black-color has-text-color\"><strong><span style=\"text-decoration: underline;\">Veilles<\/span><\/strong><br><br><\/h1>\n\n\n\n<hr class=\"wp-block-separator has-alpha-channel-opacity is-style-wide\"\/>\n\n\n\n<p><\/p>\n\n\n\n<div class=\"wp-block-cover alignfull\" style=\"min-height:437px;aspect-ratio:unset;\"><span aria-hidden=\"true\" class=\"wp-block-cover__background has-background-dim\"><\/span><img loading=\"lazy\" decoding=\"async\" width=\"1200\" height=\"667\" class=\"wp-block-cover__image-background wp-image-663\" alt=\"\" src=\"http:\/\/clementarki-portfolio.fr\/clementportfolio\/wp-content\/uploads\/2023\/08\/veille-techno-1.jpg\" data-object-fit=\"cover\"\/><div class=\"wp-block-cover__inner-container is-layout-flow wp-block-cover-is-layout-flow\">\n<h1 class=\"wp-block-heading has-text-align-center has-ast-global-color-5-color has-text-color has-link-color has-x-large-font-size wp-elements-9cc0b3749892c520e74f71a11117f89d\"><strong><span style=\"text-decoration: underline;\">Qu&rsquo;est ce qu&rsquo;une veille ?<\/span><br><\/strong><\/h1>\n<\/div><\/div>\n\n\n\n<p><br><\/p>\n\n\n\n<hr class=\"wp-block-separator has-alpha-channel-opacity barre8 is-style-wide\"\/>\n\n\n\n<p class=\"has-text-align-center has-black-color has-text-color\">La veille en informatique est une activit\u00e9 qui vise \u00e0 se tenir inform\u00e9 des innovations les plus r\u00e9centes et des avanc\u00e9es technologiques dans ce domaine, dans le but de b\u00e9n\u00e9ficier au maximum de ces avanc\u00e9es le plus rapidement possible. <\/p>\n\n\n\n<p class=\"has-text-align-center has-black-color has-text-color\">Les deux veilles \u00e9tudi\u00e9es sont la veille technologique et la veille cybers\u00e9curit\u00e9.<br><br><\/p>\n\n\n\n<hr class=\"wp-block-separator has-alpha-channel-opacity is-style-wide\" style=\"margin-top:0;margin-bottom:0\"\/>\n\n\n\n<h1 class=\"wp-block-heading has-text-align-center has-black-color has-text-color\"><br><strong><span style=\"text-decoration: underline;\">Suivi d&rsquo;informations des veilles<\/span><\/strong><\/h1>\n\n\n\n<p class=\"has-text-align-center has-black-color has-text-color\"><br>Les moyens qui peuvent \u00eatre utilis\u00e9s pour suivre une veille sur les derni\u00e8res innovations ou les avanc\u00e9es techniques sont les newsletters et les flux RSS.<\/p>\n\n\n\n<p class=\"has-text-align-center has-black-color has-text-color\">Pendant mes 2 ann\u00e9es de BTS, j&rsquo;ai pu rassembler trois types de moyens, y compris les recherches sur internet, pour suivre les derni\u00e8res innovations ou avanc\u00e9es techniques dans mes veilles :<\/p>\n\n\n\n<div class=\"wp-block-columns is-layout-flex wp-container-core-columns-is-layout-28f84493 wp-block-columns-is-layout-flex\">\n<div class=\"wp-block-column is-layout-flow wp-block-column-is-layout-flow\">\n<h4 class=\"wp-block-heading has-text-align-center has-black-color has-text-color\"><strong>Google Alerts<\/strong><\/h4>\n\n\n\n<figure class=\"wp-block-image aligncenter size-full is-resized\"><img loading=\"lazy\" decoding=\"async\" width=\"750\" height=\"350\" src=\"http:\/\/clementarki-portfolio.fr\/clementportfolio\/wp-content\/uploads\/2023\/08\/google-alert.jpg\" alt=\"\" class=\"wp-image-901\" style=\"width:285px;height:133px\"\/><\/figure>\n<\/div>\n\n\n\n<div class=\"wp-block-column is-layout-flow wp-block-column-is-layout-flow\">\n<h4 class=\"wp-block-heading has-text-align-center has-black-color has-text-color\"><strong>Programmez.com (newsletter)<\/strong><\/h4>\n\n\n\n<figure class=\"wp-block-image aligncenter size-full is-resized\"><img loading=\"lazy\" decoding=\"async\" width=\"512\" height=\"112\" src=\"http:\/\/clementarki-portfolio.fr\/clementportfolio\/wp-content\/uploads\/2023\/08\/programmez-new.png\" alt=\"\" class=\"wp-image-904\" style=\"width:338px;height:74px\"\/><\/figure>\n<\/div>\n\n\n\n<div class=\"wp-block-column is-layout-flow wp-block-column-is-layout-flow\">\n<h4 class=\"wp-block-heading has-text-align-center has-black-color has-text-color\"><strong>Developpez.com (newsletter)<\/strong><\/h4>\n\n\n\n<figure class=\"wp-block-image aligncenter size-full is-resized\"><img loading=\"lazy\" decoding=\"async\" width=\"1350\" height=\"560\" src=\"http:\/\/clementarki-portfolio.fr\/clementportfolio\/wp-content\/uploads\/2023\/08\/developpez.gif\" alt=\"\" class=\"wp-image-908\" style=\"width:273px;height:113px\"\/><\/figure>\n<\/div>\n<\/div>\n\n\n\n<p><br><\/p>\n\n\n\n<hr class=\"wp-block-separator has-alpha-channel-opacity is-style-wide\"\/>\n\n\n\n<h1 class=\"wp-block-heading has-text-align-center has-black-color has-text-color\"><br><strong><span style=\"text-decoration: underline;\">Sujets des deux veilles<\/span><\/strong><br><br><\/h1>\n\n\n\n<h5 class=\"wp-block-heading has-text-align-center has-black-color has-text-color\">Voici les deux veilles que j&rsquo;ai r\u00e9alis\u00e9es, et o\u00f9 vous pouvez acc\u00e9der aux informations :<\/h5>\n\n\n\n<div class=\"wp-block-columns is-layout-flex wp-container-core-columns-is-layout-28f84493 wp-block-columns-is-layout-flex\">\n<div class=\"wp-block-column is-layout-flow wp-block-column-is-layout-flow\">\n<h3 class=\"wp-block-heading has-text-align-center has-black-color has-text-color\"><span style=\"text-decoration: underline;\">Veille technologique :<\/span><\/h3>\n\n\n\n<h5 class=\"wp-block-heading has-text-align-center has-black-color has-text-color\">Gestionnaire de mots de passe<\/h5>\n\n\n\n<figure class=\"wp-block-image aligncenter size-full is-resized\"><img loading=\"lazy\" decoding=\"async\" width=\"1204\" height=\"630\" src=\"http:\/\/clementarki-portfolio.fr\/clementportfolio\/wp-content\/uploads\/2023\/10\/image-1.png\" alt=\"\" class=\"wp-image-2614\" style=\"width:335px;height:175px\"\/><\/figure>\n\n\n\n<h5 class=\"wp-block-heading has-text-align-center has-black-color has-text-color\"><br>Pour acc\u00e9der \u00e0 la veille technologique : <a href=\"http:\/\/clementarki-portfolio.fr\/clementportfolio\/veille-technologique\/\" data-type=\"link\" data-id=\"http:\/\/clementarki-portfolio.fr\/clementportfolio\/veille-technologique\/\">cliquez ici.<\/a><br><br><br><\/h5>\n<\/div>\n\n\n\n<div class=\"wp-block-column is-layout-flow wp-block-column-is-layout-flow\">\n<h3 class=\"wp-block-heading has-text-align-center has-black-color has-text-color\"><span style=\"text-decoration: underline;\">Veille cybers\u00e9curit\u00e9:<\/span><\/h3>\n\n\n\n<h5 class=\"wp-block-heading has-text-align-center has-black-color has-text-color\">White Hat Hackers<br><\/h5>\n\n\n\n<figure class=\"wp-block-image aligncenter size-full is-resized\"><img loading=\"lazy\" decoding=\"async\" width=\"850\" height=\"550\" src=\"http:\/\/clementarki-portfolio.fr\/clementportfolio\/wp-content\/uploads\/2023\/08\/white-hat-hacker.png\" alt=\"\" class=\"wp-image-676\" style=\"width:232px;height:150px\"\/><\/figure>\n\n\n\n<h5 class=\"wp-block-heading has-text-align-center has-black-color has-text-color\"><br><br>Pour acc\u00e9der \u00e0 la veille cybers\u00e9curit\u00e9 : <a href=\"http:\/\/clementarki-portfolio.fr\/clementportfolio\/veille-cybersecurite\/\" data-type=\"link\" data-id=\"http:\/\/clementarki-portfolio.fr\/clementportfolio\/veille-cybersecurite\/\">cliquez ici.<\/a><\/h5>\n<\/div>\n<\/div>\n\n\n\n<p><br><\/p>\n","protected":false},"excerpt":{"rendered":"<p>Veilles La veille en informatique est une activit\u00e9 qui vise \u00e0 se tenir inform\u00e9 des innovations les plus r\u00e9centes et des avanc\u00e9es technologiques dans ce domaine, dans le but de b\u00e9n\u00e9ficier au maximum de ces avanc\u00e9es le plus rapidement possible. Les deux veilles \u00e9tudi\u00e9es sont la veille technologique et la veille cybers\u00e9curit\u00e9. Suivi d&rsquo;informations des &hellip;<\/p>\n<p class=\"read-more\"> <a class=\"\" href=\"https:\/\/clementarki-portfolio.fr\/clementportfolio\/veilles\/\"> <span class=\"screen-reader-text\">Veilles<\/span> Lire la suite\u00a0\u00bb<\/a><\/p>\n","protected":false},"author":1,"featured_media":0,"parent":0,"menu_order":0,"comment_status":"closed","ping_status":"closed","template":"","meta":{"site-sidebar-layout":"default","site-content-layout":"default","ast-global-header-display":"","ast-banner-title-visibility":"","ast-main-header-display":"","ast-hfb-above-header-display":"","ast-hfb-below-header-display":"","ast-hfb-mobile-header-display":"","site-post-title":"","ast-breadcrumbs-content":"","ast-featured-img":"","footer-sml-layout":"","theme-transparent-header-meta":"","adv-header-id-meta":"","stick-header-meta":"","header-above-stick-meta":"","header-main-stick-meta":"","header-below-stick-meta":"","footnotes":""},"class_list":["post-162","page","type-page","status-publish","hentry"],"_links":{"self":[{"href":"https:\/\/clementarki-portfolio.fr\/clementportfolio\/wp-json\/wp\/v2\/pages\/162","targetHints":{"allow":["GET"]}}],"collection":[{"href":"https:\/\/clementarki-portfolio.fr\/clementportfolio\/wp-json\/wp\/v2\/pages"}],"about":[{"href":"https:\/\/clementarki-portfolio.fr\/clementportfolio\/wp-json\/wp\/v2\/types\/page"}],"author":[{"embeddable":true,"href":"https:\/\/clementarki-portfolio.fr\/clementportfolio\/wp-json\/wp\/v2\/users\/1"}],"replies":[{"embeddable":true,"href":"https:\/\/clementarki-portfolio.fr\/clementportfolio\/wp-json\/wp\/v2\/comments?post=162"}],"version-history":[{"count":136,"href":"https:\/\/clementarki-portfolio.fr\/clementportfolio\/wp-json\/wp\/v2\/pages\/162\/revisions"}],"predecessor-version":[{"id":4130,"href":"https:\/\/clementarki-portfolio.fr\/clementportfolio\/wp-json\/wp\/v2\/pages\/162\/revisions\/4130"}],"wp:attachment":[{"href":"https:\/\/clementarki-portfolio.fr\/clementportfolio\/wp-json\/wp\/v2\/media?parent=162"}],"curies":[{"name":"wp","href":"https:\/\/api.w.org\/{rel}","templated":true}]}}