{"id":164,"date":"2023-08-12T20:04:57","date_gmt":"2023-08-12T18:04:57","guid":{"rendered":"http:\/\/clementarki-portfolio.fr\/clementportfolio\/?page_id=164"},"modified":"2024-03-05T22:14:59","modified_gmt":"2024-03-05T21:14:59","slug":"veille-technologique","status":"publish","type":"page","link":"https:\/\/clementarki-portfolio.fr\/clementportfolio\/veille-technologique\/","title":{"rendered":"Veille Technologique"},"content":{"rendered":"\n<h1 class=\"wp-block-heading has-text-align-center has-black-color has-text-color\"><br><strong><span style=\"text-decoration: underline;\">Veille Technologique<\/span><\/strong><br><br><\/h1>\n\n\n\n<hr class=\"wp-block-separator aligncenter has-alpha-channel-opacity is-style-wide\"\/>\n\n\n\n<figure class=\"wp-block-image aligncenter size-full is-resized\"><img loading=\"lazy\" decoding=\"async\" width=\"950\" height=\"594\" src=\"http:\/\/clementarki-portfolio.fr\/clementportfolio\/wp-content\/uploads\/2023\/08\/veille-technologique-1.jpg\" alt=\"\" class=\"wp-image-712\" style=\"width:652px;height:408px\"\/><\/figure>\n\n\n\n<p><br><\/p>\n\n\n\n<hr class=\"wp-block-separator has-alpha-channel-opacity barre9 is-style-wide\"\/>\n\n\n\n<p class=\"has-text-align-center has-black-color has-text-color\">La veille technologique consiste principalement \u00e0 surveiller et analyser de mani\u00e8re continue les \u00e9volutions, innovations et tendances dans diff\u00e9rents domaines d\u2019activit\u00e9, afin de d\u00e9couvrir ou pr\u00e9voir de nouvelles avanc\u00e9es, anticiper les changements et rester <br>inform\u00e9 dans le domaine technologique.<br><br><\/p>\n\n\n\n<hr class=\"wp-block-separator has-alpha-channel-opacity\"\/>\n\n\n\n<h1 class=\"wp-block-heading has-text-align-center border: has-black-color has-text-color\"><strong>Gestionnaire de mots de passe<\/strong><br><\/h1>\n\n\n\n<figure class=\"wp-block-image aligncenter size-full is-resized\"><img loading=\"lazy\" decoding=\"async\" width=\"1204\" height=\"630\" src=\"http:\/\/clementarki-portfolio.fr\/clementportfolio\/wp-content\/uploads\/2023\/10\/image.png\" alt=\"\" class=\"wp-image-2587\" style=\"width:367px;height:192px\"\/><\/figure>\n\n\n\n<p><\/p>\n\n\n\n<div class=\"wp-block-buttons has-custom-font-size has-medium-font-size is-content-justification-center is-layout-flex wp-container-core-buttons-is-layout-a89b3969 wp-block-buttons-is-layout-flex\">\n<div class=\"wp-block-button\"><a class=\"wp-block-button__link has-ast-global-color-3-background-color has-background has-text-align-center wp-element-button\" href=\"http:\/\/clementarki-portfolio.fr\/clementportfolio\/wp-content\/uploads\/2024\/01\/Veille-technologique-Gestionnaire-de-mots-de-passe.pdf\" target=\"_blank\" rel=\"noreferrer noopener\">Cliquez ici pour acc\u00e9der \u00e0 ma veille technologique en document<\/a><\/div>\n<\/div>\n\n\n\n<p><\/p>\n\n\n\n<div class=\"wp-block-buttons has-custom-font-size has-medium-font-size is-content-justification-center is-layout-flex wp-container-core-buttons-is-layout-a89b3969 wp-block-buttons-is-layout-flex\">\n<div class=\"wp-block-button\"><a class=\"wp-block-button__link has-ast-global-color-3-background-color has-background has-text-align-center wp-element-button\" href=\"http:\/\/clementarki-portfolio.fr\/clementportfolio\/wp-content\/uploads\/2024\/03\/Veille-technologique-Gestionnaire-de-mot-de-passe-Clement-Arki.pdf\" target=\"_blank\" rel=\"noreferrer noopener\">Cliquez ici pour acc\u00e9der \u00e0 ma veille technologique en diaporama<\/a><\/div>\n<\/div>\n\n\n\n<p><br><\/p>\n","protected":false},"excerpt":{"rendered":"<p>Veille Technologique La veille technologique consiste principalement \u00e0 surveiller et analyser de mani\u00e8re continue les \u00e9volutions, innovations et tendances dans diff\u00e9rents domaines d\u2019activit\u00e9, afin de d\u00e9couvrir ou pr\u00e9voir de nouvelles avanc\u00e9es, anticiper les changements et rester inform\u00e9 dans le domaine technologique. Gestionnaire de mots de passe<\/p>\n","protected":false},"author":1,"featured_media":0,"parent":0,"menu_order":0,"comment_status":"closed","ping_status":"closed","template":"","meta":{"site-sidebar-layout":"default","site-content-layout":"default","ast-global-header-display":"","ast-banner-title-visibility":"","ast-main-header-display":"","ast-hfb-above-header-display":"","ast-hfb-below-header-display":"","ast-hfb-mobile-header-display":"","site-post-title":"disabled","ast-breadcrumbs-content":"","ast-featured-img":"","footer-sml-layout":"","theme-transparent-header-meta":"","adv-header-id-meta":"","stick-header-meta":"","header-above-stick-meta":"","header-main-stick-meta":"","header-below-stick-meta":"","footnotes":""},"class_list":["post-164","page","type-page","status-publish","hentry"],"_links":{"self":[{"href":"https:\/\/clementarki-portfolio.fr\/clementportfolio\/wp-json\/wp\/v2\/pages\/164","targetHints":{"allow":["GET"]}}],"collection":[{"href":"https:\/\/clementarki-portfolio.fr\/clementportfolio\/wp-json\/wp\/v2\/pages"}],"about":[{"href":"https:\/\/clementarki-portfolio.fr\/clementportfolio\/wp-json\/wp\/v2\/types\/page"}],"author":[{"embeddable":true,"href":"https:\/\/clementarki-portfolio.fr\/clementportfolio\/wp-json\/wp\/v2\/users\/1"}],"replies":[{"embeddable":true,"href":"https:\/\/clementarki-portfolio.fr\/clementportfolio\/wp-json\/wp\/v2\/comments?post=164"}],"version-history":[{"count":59,"href":"https:\/\/clementarki-portfolio.fr\/clementportfolio\/wp-json\/wp\/v2\/pages\/164\/revisions"}],"predecessor-version":[{"id":4019,"href":"https:\/\/clementarki-portfolio.fr\/clementportfolio\/wp-json\/wp\/v2\/pages\/164\/revisions\/4019"}],"wp:attachment":[{"href":"https:\/\/clementarki-portfolio.fr\/clementportfolio\/wp-json\/wp\/v2\/media?parent=164"}],"curies":[{"name":"wp","href":"https:\/\/api.w.org\/{rel}","templated":true}]}}