{"id":166,"date":"2023-08-12T20:04:33","date_gmt":"2023-08-12T18:04:33","guid":{"rendered":"http:\/\/clementarki-portfolio.fr\/clementportfolio\/?page_id=166"},"modified":"2024-03-10T13:21:19","modified_gmt":"2024-03-10T12:21:19","slug":"veille-cybersecurite","status":"publish","type":"page","link":"https:\/\/clementarki-portfolio.fr\/clementportfolio\/veille-cybersecurite\/","title":{"rendered":"Veille Cybers\u00e9curit\u00e9"},"content":{"rendered":"\n<h1 class=\"wp-block-heading has-text-align-center has-black-color has-text-color\"><br><span style=\"text-decoration: underline;\"><strong>Veille Cybers\u00e9curit\u00e9<\/strong><br><\/span><br><\/h1>\n\n\n\n<hr class=\"wp-block-separator aligncenter has-alpha-channel-opacity is-style-wide\"\/>\n\n\n\n<figure class=\"wp-block-image aligncenter size-full is-resized\"><img loading=\"lazy\" decoding=\"async\" width=\"550\" height=\"320\" src=\"http:\/\/clementarki-portfolio.fr\/clementportfolio\/wp-content\/uploads\/2023\/08\/veille-cyber.png\" alt=\"\" class=\"wp-image-745\" style=\"width:656px;height:382px\"\/><\/figure>\n\n\n\n<p><br><\/p>\n\n\n\n<hr class=\"wp-block-separator has-alpha-channel-opacity barre10 is-style-wide\"\/>\n\n\n\n<p class=\"has-text-align-center has-black-color has-text-color\">La veille cybers\u00e9curit\u00e9 consiste \u00e0 collecter, analyser et rassembler des informations essentielles sur les cybermenaces et les vuln\u00e9rabilit\u00e9s en s\u00e9curit\u00e9 informatique. Cela permet d&rsquo;anticiper les risques, s&rsquo;adapter constamment pour assurer une protection optimale des syst\u00e8mes et <br>des donn\u00e9es sensibles.<br><br><\/p>\n\n\n\n<hr class=\"wp-block-separator has-alpha-channel-opacity\"\/>\n\n\n\n<h1 class=\"wp-block-heading has-text-align-center has-black-color has-text-color\"><strong>White hat Hackers<\/strong><\/h1>\n\n\n\n<figure class=\"wp-block-image aligncenter size-full is-resized\"><img loading=\"lazy\" decoding=\"async\" width=\"850\" height=\"550\" src=\"http:\/\/clementarki-portfolio.fr\/clementportfolio\/wp-content\/uploads\/2023\/08\/white-hat-hacker-2.png\" alt=\"\" class=\"wp-image-754\" style=\"width:275px;height:178px\"\/><\/figure>\n\n\n\n<p><\/p>\n\n\n\n<div class=\"wp-block-buttons has-custom-font-size has-medium-font-size is-content-justification-center is-layout-flex wp-container-core-buttons-is-layout-a89b3969 wp-block-buttons-is-layout-flex\">\n<div class=\"wp-block-button\"><a class=\"wp-block-button__link has-ast-global-color-3-background-color has-background wp-element-button\" href=\"http:\/\/clementarki-portfolio.fr\/clementportfolio\/wp-content\/uploads\/2024\/01\/Veille-Cybersecurite-White-Hat.pdf\" target=\"_blank\" rel=\"noreferrer noopener\">Cliquez ici pour acc\u00e9der \u00e0 ma veille cybers\u00e9curit\u00e9 en document<\/a><\/div>\n<\/div>\n\n\n\n<p><\/p>\n\n\n\n<div class=\"wp-block-buttons has-custom-font-size has-medium-font-size is-content-justification-center is-layout-flex wp-container-core-buttons-is-layout-a89b3969 wp-block-buttons-is-layout-flex\">\n<div class=\"wp-block-button\"><a class=\"wp-block-button__link has-ast-global-color-3-background-color has-background has-text-align-center wp-element-button\" href=\"http:\/\/clementarki-portfolio.fr\/clementportfolio\/wp-content\/uploads\/2024\/03\/Veille-Cybersecurite-diapo.pdf\" target=\"_blank\" rel=\"noreferrer noopener\">Cliquez ici pour acc\u00e9der \u00e0 ma veille technologique en diaporama<\/a><\/div>\n<\/div>\n\n\n\n<p><br><\/p>\n","protected":false},"excerpt":{"rendered":"<p>Veille Cybers\u00e9curit\u00e9 La veille cybers\u00e9curit\u00e9 consiste \u00e0 collecter, analyser et rassembler des informations essentielles sur les cybermenaces et les vuln\u00e9rabilit\u00e9s en s\u00e9curit\u00e9 informatique. Cela permet d&rsquo;anticiper les risques, s&rsquo;adapter constamment pour assurer une protection optimale des syst\u00e8mes et des donn\u00e9es sensibles. White hat Hackers<\/p>\n","protected":false},"author":1,"featured_media":0,"parent":0,"menu_order":0,"comment_status":"closed","ping_status":"closed","template":"","meta":{"site-sidebar-layout":"default","site-content-layout":"default","ast-global-header-display":"","ast-banner-title-visibility":"","ast-main-header-display":"","ast-hfb-above-header-display":"","ast-hfb-below-header-display":"","ast-hfb-mobile-header-display":"","site-post-title":"disabled","ast-breadcrumbs-content":"","ast-featured-img":"","footer-sml-layout":"","theme-transparent-header-meta":"","adv-header-id-meta":"","stick-header-meta":"","header-above-stick-meta":"","header-main-stick-meta":"","header-below-stick-meta":"","footnotes":""},"class_list":["post-166","page","type-page","status-publish","hentry"],"_links":{"self":[{"href":"https:\/\/clementarki-portfolio.fr\/clementportfolio\/wp-json\/wp\/v2\/pages\/166","targetHints":{"allow":["GET"]}}],"collection":[{"href":"https:\/\/clementarki-portfolio.fr\/clementportfolio\/wp-json\/wp\/v2\/pages"}],"about":[{"href":"https:\/\/clementarki-portfolio.fr\/clementportfolio\/wp-json\/wp\/v2\/types\/page"}],"author":[{"embeddable":true,"href":"https:\/\/clementarki-portfolio.fr\/clementportfolio\/wp-json\/wp\/v2\/users\/1"}],"replies":[{"embeddable":true,"href":"https:\/\/clementarki-portfolio.fr\/clementportfolio\/wp-json\/wp\/v2\/comments?post=166"}],"version-history":[{"count":35,"href":"https:\/\/clementarki-portfolio.fr\/clementportfolio\/wp-json\/wp\/v2\/pages\/166\/revisions"}],"predecessor-version":[{"id":4023,"href":"https:\/\/clementarki-portfolio.fr\/clementportfolio\/wp-json\/wp\/v2\/pages\/166\/revisions\/4023"}],"wp:attachment":[{"href":"https:\/\/clementarki-portfolio.fr\/clementportfolio\/wp-json\/wp\/v2\/media?parent=166"}],"curies":[{"name":"wp","href":"https:\/\/api.w.org\/{rel}","templated":true}]}}