{"id":176,"date":"2023-08-12T20:08:34","date_gmt":"2023-08-12T18:08:34","guid":{"rendered":"http:\/\/clementarki-portfolio.fr\/clementportfolio\/?page_id=176"},"modified":"2024-07-25T00:13:08","modified_gmt":"2024-07-24T22:13:08","slug":"stages","status":"publish","type":"page","link":"https:\/\/clementarki-portfolio.fr\/clementportfolio\/stages\/","title":{"rendered":"Stages"},"content":{"rendered":"\n<h1 class=\"wp-block-heading has-text-align-center has-black-color has-text-color\"><br><strong><span style=\"text-decoration: underline;\">Stages<\/span><\/strong><br><br><\/h1>\n\n\n\n<hr class=\"wp-block-separator aligncenter has-alpha-channel-opacity is-style-wide\"\/>\n\n\n\n<p><\/p>\n\n\n\n<div class=\"wp-block-cover alignfull\" style=\"min-height:450px;aspect-ratio:unset;\"><span aria-hidden=\"true\" class=\"wp-block-cover__background has-background-dim\"><\/span><img loading=\"lazy\" decoding=\"async\" width=\"1920\" height=\"1053\" class=\"wp-block-cover__image-background wp-image-853\" alt=\"\" src=\"http:\/\/clementarki-portfolio.fr\/clementportfolio\/wp-content\/uploads\/2023\/08\/stage-1.webp\" data-object-fit=\"cover\"\/><div class=\"wp-block-cover__inner-container is-layout-flow wp-block-cover-is-layout-flow\">\n<h1 class=\"wp-block-heading has-text-align-center has-ast-global-color-5-color has-text-color has-link-color has-x-large-font-size wp-elements-a709eb846a5fbf6fa1d8209b6fa4b74d\"><span style=\"text-decoration: underline;\"><strong>Exp\u00e9riences professionnel<\/strong>les<\/span><\/h1>\n<\/div><\/div>\n\n\n\n<p><br><\/p>\n\n\n\n<hr class=\"wp-block-separator has-alpha-channel-opacity barre7 is-style-wide\"\/>\n\n\n\n<p class=\"has-text-align-center has-black-color has-text-color\">J&rsquo;ai r\u00e9alis\u00e9 un stage de premi\u00e8re ann\u00e9e et un stage de deuxi\u00e8me ann\u00e9e au cours de ma formation en BTS afin de valider mon ann\u00e9e.<\/p>\n\n\n\n<p class=\"has-text-align-center has-black-color has-text-color\">Ces stages m&rsquo;ont permis de mettre en pratique ce que j&rsquo;avais appris tout au long de l&rsquo;ann\u00e9e en d\u00e9veloppement informatique par rapport \u00e0 ma sp\u00e9cialit\u00e9, ce qui a \u00e9t\u00e9 tr\u00e8s b\u00e9n\u00e9fique.<\/p>\n\n\n\n<p class=\"has-text-align-center has-black-color has-text-color\">Vous y trouverez des informations sur mes stages, comprenant les notes de synth\u00e8se, les attestations de stage ainsi que le cahier des charges de deuxi\u00e8me ann\u00e9e.<br><br><\/p>\n\n\n\n<hr class=\"wp-block-separator has-alpha-channel-opacity is-style-wide\"\/>\n\n\n\n<h1 class=\"wp-block-heading has-text-align-center has-black-color has-text-color\"><strong><span style=\"text-decoration: underline;\">Stage de 1\u00e8re ann\u00e9e<\/span><\/strong> : Groupe Open<br><br><\/h1>\n\n\n\n<figure class=\"wp-block-image aligncenter size-full is-resized\"><img loading=\"lazy\" decoding=\"async\" width=\"1024\" height=\"504\" src=\"http:\/\/clementarki-portfolio.fr\/clementportfolio\/wp-content\/uploads\/2023\/08\/logo-open.png\" alt=\"\" class=\"wp-image-890\" style=\"width:379px;height:186px\"\/><\/figure>\n\n\n\n<p class=\"has-text-align-center has-black-color has-text-color\"><br>J&rsquo;ai r\u00e9alis\u00e9 mon stage au sein de l&rsquo;entreprise Groupe Open situ\u00e9e au 28 rue Jacques Ibert \u00e0 Levallois-Perret (92300) dans les Hauts-de-Seine. <\/p>\n\n\n\n<figure class=\"wp-block-image aligncenter size-full is-resized wp-duotone-unset-1\"><a href=\"https:\/\/www.google.com\/maps\/place\/Open\/@48.888088,2.2840492,16z\/data=!3m1!5s0x47e66f8582df7a49:0xf0f6c667daf4559f!4m10!1m2!2m1!1sgroupe+open+adresse!3m6!1s0x47e66f9795094567:0xf3fcc5c72f31c45a!8m2!3d48.8880514!4d2.2881973!15sChNncm91cGUgb3BlbiBhZHJlc3NlIgVIAYgBAZIBCmNvbnN1bHRhbnTgAQA!16s%2Fg%2F1jgm4d1qc?entry=ttu\" target=\"_blank\" rel=\"noreferrer noopener\"><img loading=\"lazy\" decoding=\"async\" width=\"1031\" height=\"673\" src=\"http:\/\/clementarki-portfolio.fr\/clementportfolio\/wp-content\/uploads\/2023\/11\/image-3.png\" alt=\"\" class=\"wp-image-2723\" style=\"width:453px;height:auto\"\/><\/a><figcaption class=\"wp-element-caption\">Voici ci-dessus o\u00f9 se trouve l&rsquo;entreprise Groupe Open sur la carte<br><br><\/figcaption><\/figure>\n\n\n\n<p class=\"has-text-align-center has-black-color has-text-color\">Mon objectif \u00e9tait d&rsquo;analyser, d\u00e9velopper, manipuler les donn\u00e9es sur PostgreSQL et traiter les bugs front-end, tout ceci sous Angular 14, afin de cr\u00e9er une application web. Ce projet est destin\u00e9 \u00e0 l&rsquo;\u00e9tablissement public ODEADOM, plac\u00e9 sous la tutelle du minist\u00e8re de l\u2019Agriculture et de la Souverainet\u00e9 alimentaire et des minist\u00e8res des Outre-mer.<\/p>\n\n\n\n<p class=\"has-text-align-center has-black-color has-text-color\">Le stage s&rsquo;est \u00e9tendu sur une p\u00e9riode de 6 semaines, du 22 mai 2023 au 30 juin 2023.<br><br><br><\/p>\n\n\n\n<hr class=\"wp-block-separator has-alpha-channel-opacity\"\/>\n\n\n\n<h4 class=\"wp-block-heading has-text-align-center has-black-color has-text-color\">Ci-dessous, la note de synth\u00e8se et l&rsquo;attestation de stage :<br><br><\/h4>\n\n\n\n<div class=\"wp-block-buttons is-content-justification-center is-layout-flex wp-container-core-buttons-is-layout-a89b3969 wp-block-buttons-is-layout-flex\">\n<div class=\"wp-block-button has-custom-font-size is-style-fill has-medium-font-size\"><a class=\"wp-block-button__link has-ast-global-color-3-background-color has-background wp-element-button\" href=\"http:\/\/clementarki-portfolio.fr\/clementportfolio\/wp-content\/uploads\/2024\/01\/Note-de-synthese-stage-Clement-Arki.pdf\" target=\"_blank\" rel=\"noreferrer noopener\">Note de synth\u00e8se de stage<\/a><\/div>\n<\/div>\n\n\n\n<p><\/p>\n\n\n\n<div class=\"wp-block-buttons is-content-justification-center is-layout-flex wp-container-core-buttons-is-layout-a89b3969 wp-block-buttons-is-layout-flex\">\n<div class=\"wp-block-button has-custom-font-size is-style-fill has-medium-font-size\"><a class=\"wp-block-button__link has-ast-global-color-3-background-color has-background wp-element-button\" href=\"http:\/\/clementarki-portfolio.fr\/clementportfolio\/wp-content\/uploads\/2023\/12\/Attestation-de-stage-BTS-SIO-1-Clement-Arki.pdf\" target=\"_blank\" rel=\"noreferrer noopener\">Attestation de stage<\/a><\/div>\n<\/div>\n\n\n\n<p><br><\/p>\n\n\n\n<hr class=\"wp-block-separator has-alpha-channel-opacity is-style-wide\"\/>\n\n\n\n<h1 class=\"wp-block-heading has-text-align-center has-black-color has-text-color has-link-color wp-elements-f5de52ba1549a71a0cc61cb3df6eb4bd\"><strong><span style=\"text-decoration: underline;\">Stage de 2\u00e8me ann\u00e9e<\/span><\/strong> : HMF <\/h1>\n\n\n\n<h1 class=\"wp-block-heading has-text-align-center has-black-color has-text-color has-link-color wp-elements-143174173f5f97206f12258c77b1497b\">(Habitations Modernes de France)<br><br><\/h1>\n\n\n\n<figure class=\"wp-block-image aligncenter size-large is-resized\"><img loading=\"lazy\" decoding=\"async\" width=\"1024\" height=\"369\" src=\"https:\/\/clementarki-portfolio.fr\/clementportfolio\/wp-content\/uploads\/2024\/05\/image-1024x369.png\" alt=\"\" class=\"wp-image-4121\" style=\"width:275px;height:auto\" srcset=\"https:\/\/clementarki-portfolio.fr\/clementportfolio\/wp-content\/uploads\/2024\/05\/image-1024x369.png 1024w, https:\/\/clementarki-portfolio.fr\/clementportfolio\/wp-content\/uploads\/2024\/05\/image-300x108.png 300w, https:\/\/clementarki-portfolio.fr\/clementportfolio\/wp-content\/uploads\/2024\/05\/image-768x277.png 768w, https:\/\/clementarki-portfolio.fr\/clementportfolio\/wp-content\/uploads\/2024\/05\/image.png 1087w\" sizes=\"auto, (max-width: 1024px) 100vw, 1024px\" \/><\/figure>\n\n\n\n<p><br><\/p>\n\n\n\n<p class=\"has-text-align-center has-black-color has-text-color has-link-color wp-elements-d86fcf39f76286a1c8820f2d18dca1cc\">J\u2019ai r\u00e9alis\u00e9 mon stage au sein de l\u2019entreprise HMF (Habitations Modernes de France) situ\u00e9e au 8 bis rue Hoche \u00e0 Nogent-sur-Marne (94130) dans le Val-de-Marne.<\/p>\n\n\n\n<figure class=\"wp-block-image aligncenter size-full is-resized\"><a href=\"https:\/\/www.google.com\/maps\/place\/H.M.F.+-+Partenaire+Arcades+et+Baies\/@48.8345188,2.4907068,14.72z\/data=!4m6!3m5!1s0x47e60d2a3c491f97:0x335acb036ab0e355!8m2!3d48.8337492!4d2.4919188!16s%2Fg%2F11fp1p5nk5?entry=ttu\" target=\"_blank\" rel=\"noreferrer noopener\"><img loading=\"lazy\" decoding=\"async\" width=\"894\" height=\"653\" src=\"http:\/\/clementarki-portfolio.fr\/clementportfolio\/wp-content\/uploads\/2023\/12\/image-2.png\" alt=\"\" class=\"wp-image-2785\" style=\"width:437px;height:auto\"\/><\/a><figcaption class=\"wp-element-caption\">Voici ci-dessus o\u00f9 se trouve l&rsquo;entreprise HMF sur la carte<br><\/figcaption><\/figure>\n\n\n\n<p class=\"has-text-align-center has-black-color has-text-color has-link-color wp-elements-0460f8ff04f7961eead27357a80e1181\"><br>Mon objectif \u00e9tait de d\u00e9velopper et rendre en format responsive le site internet de l&rsquo;entreprise HMF, tout en s&rsquo;aidant du site existant. Les langages utilis\u00e9s pour refaire le site internet sont HTML, CSS et PHP pour cette  tout en manipulant la base de donn\u00e9es avec MySQL.<\/p>\n\n\n\n<p class=\"has-text-align-center has-black-color has-text-color has-link-color wp-elements-976f52a102a46831e07e02ef72a392ad\">Le stage s&rsquo;est \u00e9tendu sur une p\u00e9riode de 5 semaines, du 20 novembre 2023 au 22 d\u00e9cembre 2023.<br><br><\/p>\n\n\n\n<h5 class=\"wp-block-heading has-text-align-center has-black-color has-text-color has-link-color wp-elements-316420004ce49e33784d7a947953ad90\">Voici ci-dessous le lien du site internet du projet \u00ab\u00a0Fen\u00eatre et Porte\u00a0\u00bb :<\/h5>\n\n\n\n<p><\/p>\n\n\n\n<div class=\"wp-block-buttons is-content-justification-center is-layout-flex wp-container-core-buttons-is-layout-a89b3969 wp-block-buttons-is-layout-flex\">\n<div class=\"wp-block-button has-custom-font-size is-style-fill has-medium-font-size\"><a class=\"wp-block-button__link has-ast-global-color-3-background-color has-background wp-element-button\" href=\"https:\/\/fenetres-et-portes.fr\/\" target=\"_blank\" rel=\"noreferrer noopener\">Acc\u00e9der au site internet<\/a><\/div>\n<\/div>\n\n\n\n<p class=\"has-text-align-center has-black-color has-text-color has-link-color wp-elements-313b7d978aebecf41bbb4af5f0251188\"><br><br><\/p>\n\n\n\n<hr class=\"wp-block-separator has-alpha-channel-opacity\"\/>\n\n\n\n<h4 class=\"wp-block-heading has-text-align-center has-black-color has-text-color\">Ci-dessous, la note de synth\u00e8se, le cahier des charges et l&rsquo;attestation de stage :<br><br><\/h4>\n\n\n\n<div class=\"wp-block-buttons is-content-justification-center is-layout-flex wp-container-core-buttons-is-layout-a89b3969 wp-block-buttons-is-layout-flex\">\n<div class=\"wp-block-button has-custom-font-size is-style-fill has-medium-font-size\"><a class=\"wp-block-button__link has-ast-global-color-3-background-color has-background wp-element-button\" href=\"http:\/\/clementarki-portfolio.fr\/clementportfolio\/wp-content\/uploads\/2024\/01\/Note-de-synthese-stage-BTS-SIO-2-Clement-Arki.pdf\" target=\"_blank\" rel=\"noreferrer noopener\">Note de synth\u00e8se de stage<\/a><\/div>\n<\/div>\n\n\n\n<p><\/p>\n\n\n\n<div class=\"wp-block-buttons is-content-justification-center is-layout-flex wp-container-core-buttons-is-layout-a89b3969 wp-block-buttons-is-layout-flex\">\n<div class=\"wp-block-button has-custom-font-size is-style-fill has-medium-font-size\"><a class=\"wp-block-button__link has-ast-global-color-3-background-color has-background wp-element-button\" href=\"http:\/\/clementarki-portfolio.fr\/clementportfolio\/wp-content\/uploads\/2024\/02\/Cahier-des-charges-HMF-Clement-Arki.pdf\" target=\"_blank\" rel=\"noreferrer noopener\">Cahier des charges<\/a><\/div>\n<\/div>\n\n\n\n<p><\/p>\n\n\n\n<div class=\"wp-block-buttons is-content-justification-center is-layout-flex wp-container-core-buttons-is-layout-a89b3969 wp-block-buttons-is-layout-flex\">\n<div class=\"wp-block-button has-custom-font-size is-style-fill has-medium-font-size\"><a class=\"wp-block-button__link has-ast-global-color-3-background-color has-background wp-element-button\" href=\"http:\/\/clementarki-portfolio.fr\/clementportfolio\/wp-content\/uploads\/2023\/12\/Attestation-de-stage-BTS-SIO-2-Clement-Arki-1.pdf\" target=\"_blank\" rel=\"noreferrer noopener\">Attestation de stage<\/a><\/div>\n<\/div>\n\n\n\n<p class=\"has-text-align-center has-black-color has-text-color has-link-color wp-elements-d7ad694a3ba3b12a711ebf9cc81eb8db\"><br><br><br><\/p>\n","protected":false},"excerpt":{"rendered":"<p>Stages J&rsquo;ai r\u00e9alis\u00e9 un stage de premi\u00e8re ann\u00e9e et un stage de deuxi\u00e8me ann\u00e9e au cours de ma formation en BTS afin de valider mon ann\u00e9e. Ces stages m&rsquo;ont permis de mettre en pratique ce que j&rsquo;avais appris tout au long de l&rsquo;ann\u00e9e en d\u00e9veloppement informatique par rapport \u00e0 ma sp\u00e9cialit\u00e9, ce qui a \u00e9t\u00e9 &hellip;<\/p>\n<p class=\"read-more\"> <a class=\"\" href=\"https:\/\/clementarki-portfolio.fr\/clementportfolio\/stages\/\"> <span class=\"screen-reader-text\">Stages<\/span> Lire la suite\u00a0\u00bb<\/a><\/p>\n","protected":false},"author":1,"featured_media":0,"parent":0,"menu_order":0,"comment_status":"closed","ping_status":"closed","template":"","meta":{"site-sidebar-layout":"default","site-content-layout":"default","ast-global-header-display":"","ast-banner-title-visibility":"","ast-main-header-display":"","ast-hfb-above-header-display":"","ast-hfb-below-header-display":"","ast-hfb-mobile-header-display":"","site-post-title":"disabled","ast-breadcrumbs-content":"","ast-featured-img":"","footer-sml-layout":"","theme-transparent-header-meta":"","adv-header-id-meta":"","stick-header-meta":"","header-above-stick-meta":"","header-main-stick-meta":"","header-below-stick-meta":"","footnotes":""},"class_list":["post-176","page","type-page","status-publish","hentry"],"_links":{"self":[{"href":"https:\/\/clementarki-portfolio.fr\/clementportfolio\/wp-json\/wp\/v2\/pages\/176","targetHints":{"allow":["GET"]}}],"collection":[{"href":"https:\/\/clementarki-portfolio.fr\/clementportfolio\/wp-json\/wp\/v2\/pages"}],"about":[{"href":"https:\/\/clementarki-portfolio.fr\/clementportfolio\/wp-json\/wp\/v2\/types\/page"}],"author":[{"embeddable":true,"href":"https:\/\/clementarki-portfolio.fr\/clementportfolio\/wp-json\/wp\/v2\/users\/1"}],"replies":[{"embeddable":true,"href":"https:\/\/clementarki-portfolio.fr\/clementportfolio\/wp-json\/wp\/v2\/comments?post=176"}],"version-history":[{"count":164,"href":"https:\/\/clementarki-portfolio.fr\/clementportfolio\/wp-json\/wp\/v2\/pages\/176\/revisions"}],"predecessor-version":[{"id":4129,"href":"https:\/\/clementarki-portfolio.fr\/clementportfolio\/wp-json\/wp\/v2\/pages\/176\/revisions\/4129"}],"wp:attachment":[{"href":"https:\/\/clementarki-portfolio.fr\/clementportfolio\/wp-json\/wp\/v2\/media?parent=176"}],"curies":[{"name":"wp","href":"https:\/\/api.w.org\/{rel}","templated":true}]}}