{"id":1939,"date":"2023-08-29T22:36:42","date_gmt":"2023-08-29T20:36:42","guid":{"rendered":"http:\/\/clementarki-portfolio.fr\/clementportfolio\/?page_id=1939"},"modified":"2024-07-25T00:12:25","modified_gmt":"2024-07-24T22:12:25","slug":"bts-sio-2","status":"publish","type":"page","link":"https:\/\/clementarki-portfolio.fr\/clementportfolio\/bts-sio-2\/","title":{"rendered":"BTS SIO"},"content":{"rendered":"\n<h1 class=\"wp-block-heading has-text-align-center has-black-color has-text-color\"><span style=\"text-decoration: underline;\"><strong>Pr\u00e9sentation du BTS SIO<\/strong><br><\/span><br><\/h1>\n\n\n\n<hr class=\"wp-block-separator has-alpha-channel-opacity is-style-wide\"\/>\n\n\n\n<div class=\"wp-block-cover alignfull\" style=\"min-height:503px;aspect-ratio:unset;\"><span aria-hidden=\"true\" class=\"wp-block-cover__background has-background-dim\"><\/span><img loading=\"lazy\" decoding=\"async\" width=\"2560\" height=\"1360\" class=\"wp-block-cover__image-background wp-image-250\" alt=\"\" src=\"http:\/\/clementarki-portfolio.fr\/clementportfolio\/wp-content\/uploads\/2023\/08\/image-informatique.jpg\" data-object-fit=\"cover\"\/><div class=\"wp-block-cover__inner-container is-layout-flow wp-block-cover-is-layout-flow\">\n<h1 class=\"wp-block-heading has-text-align-center has-ast-global-color-5-color has-text-color has-link-color has-x-large-font-size wp-elements-28c5b40774f4490d4095e5edefa22870\"><strong>Vous pourrez d\u00e9couvrir toutes les informations relatives aux activit\u00e9s de mon BTS SIO sp\u00e9cialit\u00e9 SLAM<\/strong><\/h1>\n<\/div><\/div>\n\n\n\n<p><br><\/p>\n\n\n\n<hr class=\"wp-block-separator has-alpha-channel-opacity barre5 is-style-wide\"\/>\n\n\n\n<p class=\"has-text-align-center has-black-color has-text-color has-medium-font-size\"><br>Sur cette page de mon Portfolio, je vais vous pr\u00e9senter le BTS SIO.<br><\/p>\n\n\n\n<hr class=\"wp-block-separator has-alpha-channel-opacity\"\/>\n\n\n\n<h1 class=\"wp-block-heading has-text-align-center has-black-color has-text-color\"><span style=\"text-decoration: underline;\"><strong>Qu\u2019est ce que le BTS SIO ?<\/strong><\/span><br><br><\/h1>\n\n\n\n<p class=\"has-text-align-center has-black-color has-text-color\">Le BTS, qui signifie Brevet de Technicien Sup\u00e9rieur, est une formation de 2 ans avec l&rsquo;obtention d&rsquo;un dipl\u00f4me officiel \u00e0 la fin. Dans la section SIO (Services informatiques aux organisations), les \u00e9tudiants apprennent la programmation (le d\u00e9veloppement web et le d\u00e9veloppement logiciel) et les r\u00e9seaux informatiques. Au milieu de la premi\u00e8re ann\u00e9e, les \u00e9tudiants choisissent entre deux options : SISR ou SLAM<\/p>\n\n\n\n<figure class=\"wp-block-image aligncenter size-full is-resized\"><img loading=\"lazy\" decoding=\"async\" width=\"800\" height=\"335\" src=\"http:\/\/clementarki-portfolio.fr\/clementportfolio\/wp-content\/uploads\/2023\/08\/BTS.png\" alt=\"\" class=\"wp-image-236\" style=\"width:399px;height:167px\"\/><\/figure>\n\n\n\n<p><br><\/p>\n\n\n\n<hr class=\"wp-block-separator has-alpha-channel-opacity\"\/>\n\n\n\n<p><br><\/p>\n\n\n\n<figure class=\"wp-block-table\"><table class=\"has-black-color has-text-color has-fixed-layout\"><thead><tr><th class=\"has-text-align-center\" data-align=\"center\">SLAM<\/th><th class=\"has-text-align-center\" data-align=\"center\">SISR<\/th><\/tr><\/thead><tbody><tr><td class=\"has-text-align-center\" data-align=\"center\">L&rsquo;acronyme SLAM signifie \u00ab Solutions logicielles et applications m\u00e9tiers \u00bb. Cette option met l&rsquo;accent sur le d\u00e9veloppement d&rsquo;applications informatiques et de solutions logicielles adapt\u00e9es aux besoins m\u00e9tiers des organisations. Les \u00e9tudiants apprennent la programmation, la conception d&rsquo;applications, la gestion de bases de donn\u00e9es, etc.<br><br>Voici les d\u00e9bouch\u00e9s pour le BTS SIO option SLAM :<br>&#8211; D\u00e9veloppeurs d&rsquo;applications informatiques<br>&#8211; D\u00e9veloppeur informatique<br>&#8211; Analyste d&rsquo;applications ou d&rsquo;\u00e9tudes<br>&#8211; Analyste programmeur<br>&#8211; Charg\u00e9 d&rsquo;\u00e9tudes informatiques<br>&#8211; Informaticien d&rsquo;\u00e9tudes<br>&#8211; Programmeur analyste<br>&#8211; Programmeur d&rsquo;applications<br>&#8211; Responsable des services applicatifs<br>&#8211; Technicien d&rsquo;\u00e9tudes informatiques<\/td><td class=\"has-text-align-center\" data-align=\"center\">L\u2019acronyme SISR signifie \u00ab Solutions d\u2019infrastructures, syst\u00e8mes et r\u00e9seaux \u00bb. <br>Cette option se concentre sur la gestion des infrastructures informatiques, des syst\u00e8mes d\u2019exploitation, des r\u00e9seaux et de la s\u00e9curit\u00e9 informatique. Les \u00e9tudiants acqui\u00e8rent les comp\u00e9tences pour administrer et s\u00e9curiser les \u00e9quipements et les services informatiques.<br><br>Voici les d\u00e9bouch\u00e9s avec un BTS SIO option SISIR :<br>&#8211; Technicien de production<br>&#8211; Technicien d&rsquo;infrastructure <br>&#8211; Technicien r\u00e9seau et t\u00e9l\u00e9coms<br>&#8211; Technicien syst\u00e8mes et r\u00e9seaux<br> &#8211; Administrateur syst\u00e8mes et r\u00e9seaux<br>&#8211; Support syst\u00e8mes et r\u00e9seaux<br>&#8211; Pilote d&rsquo;exploitation<br>&#8211; Informaticien support et d\u00e9ploiement<br>&#8211; Gestionnaire de parc informatique<\/td><\/tr><\/tbody><\/table><\/figure>\n\n\n\n<hr class=\"wp-block-separator has-alpha-channel-opacity\"\/>\n\n\n\n<p><\/p>\n\n\n\n<figure class=\"wp-block-image aligncenter size-full is-resized\"><img loading=\"lazy\" decoding=\"async\" width=\"2126\" height=\"622\" src=\"http:\/\/clementarki-portfolio.fr\/clementportfolio\/wp-content\/uploads\/2023\/08\/onisep.jpg\" alt=\"\" class=\"wp-image-536\" style=\"width:499px;height:146px\"\/><\/figure>\n\n\n\n<h5 class=\"wp-block-heading has-text-align-center has-black-color has-text-color\"><br><br>Voici les liens vers les fiches d&rsquo;information de l&rsquo;Onisep concernant le BTS SIO avec les options SLAM et SISR :<br><br><br><\/h5>\n\n\n\n<div class=\"wp-block-buttons is-content-justification-center is-layout-flex wp-container-core-buttons-is-layout-a89b3969 wp-block-buttons-is-layout-flex\">\n<div class=\"wp-block-button has-custom-width wp-block-button__width-50 has-custom-font-size is-style-fill has-medium-font-size\"><a class=\"wp-block-button__link has-ast-global-color-3-background-color has-background has-text-align-center wp-element-button\" href=\"https:\/\/www.onisep.fr\/ressources\/univers-formation\/formations\/Post-bac\/bts-services-informatiques-aux-organisations-option-b-solutions-logicielles-et-applications-metiers\" style=\"padding-top:var(--wp--preset--spacing--50);padding-bottom:var(--wp--preset--spacing--50)\" target=\"_blank\" rel=\"noreferrer noopener\">Cliquez ici pour voir la fiche du BTS SIO option SLAM<\/a><\/div>\n<\/div>\n\n\n\n<p><br><\/p>\n\n\n\n<div class=\"wp-block-buttons is-content-justification-center is-layout-flex wp-container-core-buttons-is-layout-a89b3969 wp-block-buttons-is-layout-flex\">\n<div class=\"wp-block-button has-custom-width wp-block-button__width-50 has-custom-font-size is-style-fill has-medium-font-size\"><a class=\"wp-block-button__link has-ast-global-color-3-background-color has-background has-text-align-center wp-element-button\" href=\"https:\/\/www.onisep.fr\/ressources\/univers-formation\/formations\/Post-bac\/bts-services-informatiques-aux-organisations-option-a-solutions-d-infrastructure-systemes-et-reseaux\" style=\"padding-top:var(--wp--preset--spacing--50);padding-bottom:var(--wp--preset--spacing--50)\" target=\"_blank\" rel=\"noreferrer noopener\">Cliquez ici pour voir la fiche du BTS SIO option SISR<\/a><\/div>\n<\/div>\n\n\n\n<p><br><\/p>\n\n\n\n<hr class=\"wp-block-separator has-alpha-channel-opacity is-style-wide\"\/>\n\n\n\n<h1 class=\"wp-block-heading has-text-align-center has-black-color has-text-color\"><br><span style=\"text-decoration: underline;\"><strong>Mati\u00e8res enseign\u00e9es en BTS SIO<\/strong><\/span><\/h1>\n\n\n\n<p><br><\/p>\n\n\n\n<h4 class=\"wp-block-heading has-text-align-center has-black-color has-text-color\">Voici les mati\u00e8res qui sont enseign\u00e9es pendant la premi\u00e8re et la deuxi\u00e8me ann\u00e9e du BTS SIO :<\/h4>\n\n\n\n<p><br><\/p>\n\n\n\n<figure class=\"wp-block-table\"><table class=\"has-black-color has-text-color has-fixed-layout\"><thead><tr><th>Premi\u00e8re ann\u00e9e<\/th><th>Deuxi\u00e8me ann\u00e9e<\/th><\/tr><\/thead><tbody><tr><td>Culture g\u00e9n\u00e9rale et expression<br><br>Anglais pour l&rsquo;informatique<br><br>Math\u00e9matiques pour l&rsquo;informatique<br><br>Math\u00e9matiques approfondies (option)<br><br>Algorithmie<br><br>Culture \u00e9conomique, juridique et management (CEJM)<br><br>Culture \u00e9conomique, juridique et manag\u00e9riale appliqu\u00e9e (CEJMA)<br><br>Bloc 1 : Support et mise \u00e0 disposition des services informatiques (1er semestre en commun SLAM et SISR)<br><br>Bloc 2 : Option SLAM et SISR (au second semestre)<br><br>Bloc 3 :  Cybers\u00e9curit\u00e9 des services informatiques<br><br>Ateliers de professionnalisation<\/td><td>Culture g\u00e9n\u00e9rale et expression<br><br>Anglais pour l&rsquo;informatique<br><br>Math\u00e9matiques pour l&rsquo;informatique<br><br>Math\u00e9matiques approfondies (option)<br><br>Algorithmie<br><br><br>Culture \u00e9conomique, juridique et management<br>(CEJM)<br><br>Culture \u00e9conomique, juridique et manag\u00e9riale appliqu\u00e9e (CEJMA)<br><br><br>Bloc 2 : Option SLAM et SISR<br><br>Bloc 3 :  Cybers\u00e9curit\u00e9 des services informatiques<br><br>Ateliers de professionnalisation<\/td><\/tr><\/tbody><\/table><\/figure>\n\n\n\n<hr class=\"wp-block-separator has-alpha-channel-opacity is-style-default\"\/>\n\n\n\n<h4 class=\"wp-block-heading has-text-align-center has-black-color has-text-color\"><br>Voici comment les mati\u00e8res techniques sont r\u00e9parties pour chaque bloc (1, 2 et 3) au cours de la premi\u00e8re et de la deuxi\u00e8me ann\u00e9e du BTS SIO : <br><br><\/h4>\n\n\n\n<figure class=\"wp-block-image aligncenter size-full is-resized\"><img loading=\"lazy\" decoding=\"async\" width=\"1280\" height=\"720\" src=\"http:\/\/clementarki-portfolio.fr\/clementportfolio\/wp-content\/uploads\/2023\/08\/repartition-matieres.png\" alt=\"\" class=\"wp-image-575\" style=\"width:599px;height:337px\"\/><\/figure>\n\n\n\n<p><br><\/p>\n\n\n\n<hr class=\"wp-block-separator has-alpha-channel-opacity is-style-wide\"\/>\n\n\n\n<h1 class=\"wp-block-heading has-text-align-center has-black-color has-text-color\"><span style=\"text-decoration: underline;\"><strong>Ensemble Sainte Marie P\u00f4le STS (Sections de Techniciens Sup\u00e9rieurs)<\/strong><\/span><\/h1>\n\n\n\n<p class=\"has-text-align-center has-black-color has-text-color\"><br>J&rsquo;effectue mes 2 ann\u00e9es de BTS SIO au p\u00f4le STS de l&rsquo;Ensemble Sainte Marie. L&rsquo;\u00e9tablissement se trouve au 8 Rue Henri Vel Durand \u00e0 Joinville-le-Pont (94340) dans le Val-de-Marne.<\/p>\n\n\n\n<p class=\"has-text-align-center has-black-color has-text-color\"><br>C\u2019est un \u00e9tablissement priv\u00e9 sous contrat d\u2019association avec l\u2019\u00c9tat. Il regroupe 5 sections de BTS propos\u00e9es en cursus initial ou en alternance (N\u00e9gociation Digitalisation de la Relation Client, Commerce International, Management Commercial des Organisations, Gestion de la PME et Services Informatiques aux Organisations).<\/p>\n\n\n\n<p><\/p>\n\n\n\n<div class=\"wp-block-buttons is-content-justification-center is-layout-flex wp-container-core-buttons-is-layout-a89b3969 wp-block-buttons-is-layout-flex\">\n<div class=\"wp-block-button has-custom-font-size has-medium-font-size\"><a class=\"wp-block-button__link has-ast-global-color-3-background-color has-background wp-element-button\" href=\"https:\/\/ensemblesaintemarie.fr\/superieur\/\" target=\"_blank\" rel=\"noreferrer noopener\">Cliquez ici pour acc\u00e9der au site de l&rsquo;\u00e9cole<\/a><\/div>\n<\/div>\n\n\n\n<p class=\"has-text-align-center has-black-color has-text-color\"><br><br><\/p>\n\n\n\n<figure class=\"wp-block-image aligncenter size-full is-resized\"><a href=\"https:\/\/www.google.com\/maps\/place\/BTS+Ensemble+Sainte+Marie\/@48.8180716,2.4626281,18z\/data=!4m10!1m2!2m1!1sbts+ensemble+sainte-marie!3m6!1s0x47e60d28ba7debe7:0x369a2eb250793125!8m2!3d48.8180716!4d2.4642041!15sChpidHMgIGVuc2VtYmxlIHNhaW50ZS1tYXJpZZIBGnZvY2F0aW9uYWxfdHJhaW5pbmdfc2Nob29s4AEA!16s%2Fg%2F11fy4fmt5z?entry=ttu\" target=\"_blank\" rel=\"noreferrer noopener\"><img loading=\"lazy\" decoding=\"async\" width=\"912\" height=\"621\" src=\"http:\/\/clementarki-portfolio.fr\/clementportfolio\/wp-content\/uploads\/2023\/08\/image-27.png\" alt=\"\" class=\"wp-image-2013\" style=\"width:618px;height:421px\"\/><\/a><figcaption class=\"wp-element-caption\">Voici ci-dessus, la carte o\u00f9 se trouve le P\u00f4le STS, se nommant BTS Ensemble Sainte Marie<\/figcaption><\/figure>\n","protected":false},"excerpt":{"rendered":"<p>Pr\u00e9sentation du BTS SIO Sur cette page de mon Portfolio, je vais vous pr\u00e9senter le BTS SIO. Qu\u2019est ce que le BTS SIO ? Le BTS, qui signifie Brevet de Technicien Sup\u00e9rieur, est une formation de 2 ans avec l&rsquo;obtention d&rsquo;un dipl\u00f4me officiel \u00e0 la fin. Dans la section SIO (Services informatiques aux organisations), les &hellip;<\/p>\n<p class=\"read-more\"> <a class=\"\" href=\"https:\/\/clementarki-portfolio.fr\/clementportfolio\/bts-sio-2\/\"> <span class=\"screen-reader-text\">BTS SIO<\/span> Lire la suite\u00a0\u00bb<\/a><\/p>\n","protected":false},"author":1,"featured_media":0,"parent":0,"menu_order":0,"comment_status":"closed","ping_status":"closed","template":"","meta":{"site-sidebar-layout":"default","site-content-layout":"default","ast-global-header-display":"","ast-banner-title-visibility":"","ast-main-header-display":"","ast-hfb-above-header-display":"","ast-hfb-below-header-display":"","ast-hfb-mobile-header-display":"","site-post-title":"","ast-breadcrumbs-content":"","ast-featured-img":"","footer-sml-layout":"","theme-transparent-header-meta":"","adv-header-id-meta":"","stick-header-meta":"","header-above-stick-meta":"","header-main-stick-meta":"","header-below-stick-meta":"","footnotes":""},"class_list":["post-1939","page","type-page","status-publish","hentry"],"_links":{"self":[{"href":"https:\/\/clementarki-portfolio.fr\/clementportfolio\/wp-json\/wp\/v2\/pages\/1939","targetHints":{"allow":["GET"]}}],"collection":[{"href":"https:\/\/clementarki-portfolio.fr\/clementportfolio\/wp-json\/wp\/v2\/pages"}],"about":[{"href":"https:\/\/clementarki-portfolio.fr\/clementportfolio\/wp-json\/wp\/v2\/types\/page"}],"author":[{"embeddable":true,"href":"https:\/\/clementarki-portfolio.fr\/clementportfolio\/wp-json\/wp\/v2\/users\/1"}],"replies":[{"embeddable":true,"href":"https:\/\/clementarki-portfolio.fr\/clementportfolio\/wp-json\/wp\/v2\/comments?post=1939"}],"version-history":[{"count":111,"href":"https:\/\/clementarki-portfolio.fr\/clementportfolio\/wp-json\/wp\/v2\/pages\/1939\/revisions"}],"predecessor-version":[{"id":4128,"href":"https:\/\/clementarki-portfolio.fr\/clementportfolio\/wp-json\/wp\/v2\/pages\/1939\/revisions\/4128"}],"wp:attachment":[{"href":"https:\/\/clementarki-portfolio.fr\/clementportfolio\/wp-json\/wp\/v2\/media?parent=1939"}],"curies":[{"name":"wp","href":"https:\/\/api.w.org\/{rel}","templated":true}]}}