{"id":2433,"date":"2023-09-29T15:47:39","date_gmt":"2023-09-29T13:47:39","guid":{"rendered":"http:\/\/clementarki-portfolio.fr\/clementportfolio\/?page_id=2433"},"modified":"2024-01-19T14:35:17","modified_gmt":"2024-01-19T13:35:17","slug":"mentions-legales","status":"publish","type":"page","link":"https:\/\/clementarki-portfolio.fr\/clementportfolio\/mentions-legales\/","title":{"rendered":"Mentions l\u00e9gales"},"content":{"rendered":"\n<p><\/p>\n\n\n\n<p><\/p>\n\n\n\n<h1 class=\"wp-block-heading has-text-align-center has-black-color has-text-color\"><strong>Mentions l\u00e9gales<\/strong><br><br><\/h1>\n\n\n\n<hr class=\"wp-block-separator has-alpha-channel-opacity is-style-wide\"\/>\n\n\n\n<figure class=\"wp-block-image alignfull size-full\"><img loading=\"lazy\" decoding=\"async\" width=\"1100\" height=\"350\" src=\"http:\/\/clementarki-portfolio.fr\/clementportfolio\/wp-content\/uploads\/2023\/09\/image-8.png\" alt=\"\" class=\"wp-image-2447\"\/><\/figure>\n\n\n\n<p><br><\/p>\n\n\n\n<hr class=\"wp-block-separator has-alpha-channel-opacity barre5 is-style-wide\"\/>\n\n\n\n<p class=\"has-text-align-left has-black-color has-text-color\">Conform\u00e9ment aux dispositions des Articles 6-III et 19 de la Loi n\u00b02004-575 du 21 juin 2004 pour la Confiance dans l\u2019\u00e9conomie num\u00e9rique, dite L.C.E.N., il est port\u00e9 \u00e0 la connaissance des utilisateurs et visiteurs du site Portfolio ARKI Cl\u00e9ment les pr\u00e9sentes mentions l\u00e9gales.<\/p>\n\n\n\n<p class=\"has-text-align-left has-black-color has-text-color\">Le site Portfolio ARKI Cl\u00e9ment est accessible \u00e0 l\u2019adresse suivante : https:\/\/clementarki-portfolio.fr (ci-apr\u00e8s \u00ab\u00a0Portfolio ARKI Cl\u00e9ment\u00bb). L\u2019acc\u00e8s et l\u2019utilisation du Site sont soumis aux pr\u00e9sentes \u00a0\u00bb Mentions l\u00e9gales\u00a0\u00bb d\u00e9taill\u00e9es ci-apr\u00e8s ainsi qu\u2019aux lois et\/ou r\u00e8glements applicables.<\/p>\n\n\n\n<p class=\"has-text-align-left has-black-color has-text-color\">La connexion, l\u2019utilisation et l\u2019acc\u00e8s \u00e0 ce site impliquent l\u2019acceptation int\u00e9grale et sans r\u00e9serve de l\u2019internaute de toutes les dispositions des pr\u00e9sentes Mentions L\u00e9gales.<br><br><\/p>\n\n\n\n<hr class=\"wp-block-separator has-alpha-channel-opacity barre2 is-style-wide\"\/>\n\n\n\n<h2 class=\"wp-block-heading has-text-align-center has-black-color has-text-color\"><strong>ARTICLE 1 &#8211; INFORMATIONS L\u00c9GALES<\/strong><br><br><\/h2>\n\n\n\n<p class=\"has-black-color has-text-color\">En vertu de l\u2019Article 6 de la Loi n\u00b0 2004-575 du 21 juin 2004 pour la confiance dans l\u2019\u00e9conomie num\u00e9rique, il est pr\u00e9cis\u00e9 dans cet article l\u2019identit\u00e9 des diff\u00e9rents intervenants dans le cadre de sa r\u00e9alisation et de son suivi.<\/p>\n\n\n\n<p class=\"has-black-color has-text-color\"><strong>1.1 \u00c9diteur du site<\/strong><\/p>\n\n\n\n<p class=\"has-black-color has-text-color\">Le site Portfolio ARKI Cl\u00e9ment est \u00e9dit\u00e9 par : ARKI Cl\u00e9ment<br>L\u2019adresse suivante : 5 avenue du G\u00e9n\u00e9ral de Gaulle, 94500 Champigny-sur-marne<br>T\u00e9l\u00e9phone : 01 74 50 60 69<br>Adresse e-mail de contact : clement.arki@hotmail.fr<\/p>\n\n\n\n<p class=\"has-black-color has-text-color\"><strong>1.2 H\u00e9bergeur du site<\/strong><\/p>\n\n\n\n<p class=\"has-black-color has-text-color\">Le pr\u00e9sent site internet est h\u00e9berg\u00e9 par&nbsp;<strong>O.V.H<\/strong>, dont le si\u00e8ge social est situ\u00e9 au 2 rue Kellermann \u2013 59100 Roubaix \u2013 France, et joignable \u00e0 l\u2019adresse \u00e9lectronique suivante:&nbsp;<strong>support@ovh.com<\/strong>&nbsp;T\u00e9l\u00e9phone : 09 72 10 10 07.<\/p>\n\n\n\n<p class=\"has-black-color has-text-color\"><strong>1.3 Propri\u00e9t\u00e9 intellectuelle<\/strong><\/p>\n\n\n\n<p class=\"has-black-color has-text-color\">Le contenu du pr\u00e9sent site internet, notamment les textes, images, vid\u00e9os, et tout autre \u00e9l\u00e9ment graphique, est prot\u00e9g\u00e9 par le droit de la propri\u00e9t\u00e9 intellectuelle. Toute reproduction, distribution, modification ou exploitation de ces \u00e9l\u00e9ments, sans autorisation pr\u00e9alable de leur propri\u00e9taire, constitue une violation de ces droits et peut \u00eatre sanctionn\u00e9e p\u00e9nalement et civile.<\/p>\n\n\n\n<h2 class=\"wp-block-heading has-text-align-center has-black-color has-text-color\"><br><hr class=\"wp-block-separator has-alpha-channel-opacity barre2 is-style-wide\"> <strong>ARTICLE 2 &#8211; ACCESSIBILIT\u00c9<\/strong><br><br><\/h2>\n\n\n\n<p class=\"has-black-color has-text-color\">Le site est par principe accessible aux utilisateurs 24\/24h et 7\/7j, sauf interruption, programm\u00e9e ou non, pour des besoins de maintenance ou en cas de force majeure.<\/p>\n\n\n\n<p class=\"has-black-color has-text-color\">En cas d\u2019impossibilit\u00e9 d\u2019acc\u00e8s au site, celui-ci s\u2019engage \u00e0 faire son maximum afin d\u2019en r\u00e9tablir l\u2019acc\u00e8s. Le site ne saurait \u00eatre tenu pour responsable de tout dommage, quelle qu\u2019en soit la nature, r\u00e9sultant de son indisponibilit\u00e9.<br><br><\/p>\n\n\n\n<hr class=\"wp-block-separator has-alpha-channel-opacity barre2 is-style-wide\"\/>\n\n\n\n<h2 class=\"wp-block-heading has-text-align-center has-black-color has-text-color\"><strong>ARTICLE 3 &#8211; LOI APPLICABLE ET JURIDICTION<\/strong><br><br><\/h2>\n\n\n\n<p class=\"has-black-color has-text-color\">Les pr\u00e9sentes Mentions L\u00e9gales sont r\u00e9gies par la loi fran\u00e7aise. En cas de diff\u00e9rend et \u00e0 d\u00e9faut d\u2019accord amiable, le litige sera port\u00e9 devant les tribunaux fran\u00e7ais conform\u00e9ment aux r\u00e8gles de comp\u00e9tence en vigueur.<br><br><\/p>\n\n\n\n<hr class=\"wp-block-separator has-alpha-channel-opacity barre2 is-style-wide\"\/>\n\n\n\n<h2 class=\"wp-block-heading has-text-align-center has-black-color has-text-color\"><strong>ARTICLE 4 &#8211; CONTACT<\/strong><br><br><\/h2>\n\n\n\n<p class=\"has-black-color has-text-color\">Pour tout signalement de contenus ou d\u2019activit\u00e9s illicites, l\u2019Utilisateur peut contacter l\u2019\u00c9diteur \u00e0 l\u2019adresse suivante : clement.arki@hotmail.fr, ou par courrier recommand\u00e9 avec accus\u00e9 de r\u00e9ception adress\u00e9 \u00e0 l\u2019\u00c9diteur aux coordonn\u00e9es pr\u00e9cis\u00e9es dans les pr\u00e9sentes mentions l\u00e9gales.<\/p>\n","protected":false},"excerpt":{"rendered":"<p>Mentions l\u00e9gales Conform\u00e9ment aux dispositions des Articles 6-III et 19 de la Loi n\u00b02004-575 du 21 juin 2004 pour la Confiance dans l\u2019\u00e9conomie num\u00e9rique, dite L.C.E.N., il est port\u00e9 \u00e0 la connaissance des utilisateurs et visiteurs du site Portfolio ARKI Cl\u00e9ment les pr\u00e9sentes mentions l\u00e9gales. Le site Portfolio ARKI Cl\u00e9ment est accessible \u00e0 l\u2019adresse suivante &hellip;<\/p>\n<p class=\"read-more\"> <a class=\"\" href=\"https:\/\/clementarki-portfolio.fr\/clementportfolio\/mentions-legales\/\"> <span class=\"screen-reader-text\">Mentions l\u00e9gales<\/span> Lire la suite\u00a0\u00bb<\/a><\/p>\n","protected":false},"author":1,"featured_media":0,"parent":0,"menu_order":0,"comment_status":"closed","ping_status":"closed","template":"","meta":{"site-sidebar-layout":"default","site-content-layout":"default","ast-global-header-display":"","ast-banner-title-visibility":"","ast-main-header-display":"","ast-hfb-above-header-display":"","ast-hfb-below-header-display":"","ast-hfb-mobile-header-display":"","site-post-title":"","ast-breadcrumbs-content":"","ast-featured-img":"","footer-sml-layout":"","theme-transparent-header-meta":"","adv-header-id-meta":"","stick-header-meta":"","header-above-stick-meta":"","header-main-stick-meta":"","header-below-stick-meta":"","footnotes":""},"class_list":["post-2433","page","type-page","status-publish","hentry"],"_links":{"self":[{"href":"https:\/\/clementarki-portfolio.fr\/clementportfolio\/wp-json\/wp\/v2\/pages\/2433","targetHints":{"allow":["GET"]}}],"collection":[{"href":"https:\/\/clementarki-portfolio.fr\/clementportfolio\/wp-json\/wp\/v2\/pages"}],"about":[{"href":"https:\/\/clementarki-portfolio.fr\/clementportfolio\/wp-json\/wp\/v2\/types\/page"}],"author":[{"embeddable":true,"href":"https:\/\/clementarki-portfolio.fr\/clementportfolio\/wp-json\/wp\/v2\/users\/1"}],"replies":[{"embeddable":true,"href":"https:\/\/clementarki-portfolio.fr\/clementportfolio\/wp-json\/wp\/v2\/comments?post=2433"}],"version-history":[{"count":80,"href":"https:\/\/clementarki-portfolio.fr\/clementportfolio\/wp-json\/wp\/v2\/pages\/2433\/revisions"}],"predecessor-version":[{"id":3197,"href":"https:\/\/clementarki-portfolio.fr\/clementportfolio\/wp-json\/wp\/v2\/pages\/2433\/revisions\/3197"}],"wp:attachment":[{"href":"https:\/\/clementarki-portfolio.fr\/clementportfolio\/wp-json\/wp\/v2\/media?parent=2433"}],"curies":[{"name":"wp","href":"https:\/\/api.w.org\/{rel}","templated":true}]}}