{"id":2524,"date":"2023-09-29T16:55:26","date_gmt":"2023-09-29T14:55:26","guid":{"rendered":"http:\/\/clementarki-portfolio.fr\/clementportfolio\/?page_id=2524"},"modified":"2023-09-29T17:10:18","modified_gmt":"2023-09-29T15:10:18","slug":"politique-de-confidentialite","status":"publish","type":"page","link":"https:\/\/clementarki-portfolio.fr\/clementportfolio\/politique-de-confidentialite\/","title":{"rendered":"Politique de confidentialit\u00e9"},"content":{"rendered":"\n<h1 class=\"wp-block-heading has-text-align-center has-black-color has-text-color\"><strong>Politique de confidentialit\u00e9<\/strong><br><br><\/h1>\n\n\n\n<hr class=\"wp-block-separator has-alpha-channel-opacity is-style-wide\"\/>\n\n\n\n<figure class=\"wp-block-image alignfull size-full\"><img loading=\"lazy\" decoding=\"async\" width=\"1100\" height=\"350\" src=\"http:\/\/clementarki-portfolio.fr\/clementportfolio\/wp-content\/uploads\/2023\/09\/image-9.png\" alt=\"\" class=\"wp-image-2528\"\/><\/figure>\n\n\n\n<p><br><\/p>\n\n\n\n<hr class=\"wp-block-separator has-alpha-channel-opacity barre5 is-style-wide\"\/>\n\n\n\n<h2 class=\"wp-block-heading has-text-align-center has-black-color has-text-color\"><strong>Politique relative aux donn\u00e9es personnelles<\/strong><br><br><\/h2>\n\n\n\n<p class=\"has-black-color has-text-color\">En conformit\u00e9 avec le R\u00e8glement Europ\u00e9en sur le Protection des Donn\u00e9es (RGPD), les utilisateurs du site peuvent contacter le d\u00e9l\u00e9gu\u00e9 \u00e0 la protection des donn\u00e9es par mail \u00e0 l\u2019adresse clement.arki@hotmail.fr. Le propri\u00e9taire du site s\u2019engage \u00e0 respecter la politique du pr\u00e9sent site et \u00e0 ne pas collecter des donn\u00e9es personnelles.<br><br><\/p>\n\n\n\n<hr class=\"wp-block-separator has-alpha-channel-opacity barre2 is-style-wide\"\/>\n\n\n\n<h2 class=\"wp-block-heading has-text-align-center has-black-color has-text-color\"><strong>Utilisation des donn\u00e9es personnelles collect\u00e9es<\/strong><br><br><\/h2>\n\n\n\n<p class=\"has-black-color has-text-color\">Aucune donn\u00e9es personnelles ne sont collect\u00e9es sur ce site de quelques mani\u00e8res que ce soit. Par cons\u00e9quent aucune donn\u00e9es personnelles pourront \u00eatre utilis\u00e9es pour des op\u00e9rations commerciales.<br><br><\/p>\n\n\n\n<hr class=\"wp-block-separator has-alpha-channel-opacity barre2 is-style-wide\"\/>\n\n\n\n<h2 class=\"wp-block-heading has-text-align-center has-black-color has-text-color\"><strong>Conservation et archivage des donn\u00e9es personnelles<\/strong><br><br><\/h2>\n\n\n\n<p class=\"has-black-color has-text-color\">En raison de la non collecte de donn\u00e9es personnelles, le site ne conserve et n\u2019archive aucune donn\u00e9es personnelles.<br><br><\/p>\n\n\n\n<hr class=\"wp-block-separator has-alpha-channel-opacity barre2 is-style-wide\"\/>\n\n\n\n<h2 class=\"wp-block-heading has-text-align-center has-black-color has-text-color\"><strong>Transmission de vos donn\u00e9es personnelles<\/strong><br><br><\/h2>\n\n\n\n<p class=\"has-black-color has-text-color\">Le site ne collectant aucune donn\u00e9es personnelles, vous pouvez \u00eatre certains que ces derni\u00e8res ne seront divulgu\u00e9es, vendues ou partag\u00e9es avec qui que ce soit. <br><br><\/p>\n\n\n\n<hr class=\"wp-block-separator has-alpha-channel-opacity barre2 is-style-wide\"\/>\n\n\n\n<h2 class=\"wp-block-heading has-text-align-center has-black-color has-text-color\"><strong>Les droits que vous avez sur vos donn\u00e9es<\/strong><br><br><\/h2>\n\n\n\n<p class=\"has-black-color has-text-color\">Dans le cadre du RGPD, vous b\u00e9n\u00e9ficiez d\u2019un droit d\u2019acc\u00e8s, de portabilit\u00e9, de rectification, d\u2019effacement et vous avez la possibilit\u00e9 de vous opposer au traitement de vos donn\u00e9es personnelles ou de retirer votre consentement \u00e0 tout moment. M\u00eame si aucune donn\u00e9es personnelles ne sont collect\u00e9es sur le site, vous pouvez vous adresser au d\u00e9l\u00e9gu\u00e9 \u00e0 la protection des donn\u00e9es par mail \u00e0 l\u2019adresse clement.arki@hotmail.fr.<\/p>\n","protected":false},"excerpt":{"rendered":"<p>Politique de confidentialit\u00e9 Politique relative aux donn\u00e9es personnelles En conformit\u00e9 avec le R\u00e8glement Europ\u00e9en sur le Protection des Donn\u00e9es (RGPD), les utilisateurs du site peuvent contacter le d\u00e9l\u00e9gu\u00e9 \u00e0 la protection des donn\u00e9es par mail \u00e0 l\u2019adresse clement.arki@hotmail.fr. Le propri\u00e9taire du site s\u2019engage \u00e0 respecter la politique du pr\u00e9sent site et \u00e0 ne pas collecter &hellip;<\/p>\n<p class=\"read-more\"> <a class=\"\" href=\"https:\/\/clementarki-portfolio.fr\/clementportfolio\/politique-de-confidentialite\/\"> <span class=\"screen-reader-text\">Politique de confidentialit\u00e9<\/span> Lire la suite\u00a0\u00bb<\/a><\/p>\n","protected":false},"author":1,"featured_media":0,"parent":0,"menu_order":0,"comment_status":"closed","ping_status":"closed","template":"","meta":{"site-sidebar-layout":"default","site-content-layout":"default","ast-global-header-display":"","ast-banner-title-visibility":"","ast-main-header-display":"","ast-hfb-above-header-display":"","ast-hfb-below-header-display":"","ast-hfb-mobile-header-display":"","site-post-title":"","ast-breadcrumbs-content":"","ast-featured-img":"","footer-sml-layout":"","theme-transparent-header-meta":"","adv-header-id-meta":"","stick-header-meta":"","header-above-stick-meta":"","header-main-stick-meta":"","header-below-stick-meta":"","footnotes":""},"class_list":["post-2524","page","type-page","status-publish","hentry"],"_links":{"self":[{"href":"https:\/\/clementarki-portfolio.fr\/clementportfolio\/wp-json\/wp\/v2\/pages\/2524","targetHints":{"allow":["GET"]}}],"collection":[{"href":"https:\/\/clementarki-portfolio.fr\/clementportfolio\/wp-json\/wp\/v2\/pages"}],"about":[{"href":"https:\/\/clementarki-portfolio.fr\/clementportfolio\/wp-json\/wp\/v2\/types\/page"}],"author":[{"embeddable":true,"href":"https:\/\/clementarki-portfolio.fr\/clementportfolio\/wp-json\/wp\/v2\/users\/1"}],"replies":[{"embeddable":true,"href":"https:\/\/clementarki-portfolio.fr\/clementportfolio\/wp-json\/wp\/v2\/comments?post=2524"}],"version-history":[{"count":35,"href":"https:\/\/clementarki-portfolio.fr\/clementportfolio\/wp-json\/wp\/v2\/pages\/2524\/revisions"}],"predecessor-version":[{"id":2568,"href":"https:\/\/clementarki-portfolio.fr\/clementportfolio\/wp-json\/wp\/v2\/pages\/2524\/revisions\/2568"}],"wp:attachment":[{"href":"https:\/\/clementarki-portfolio.fr\/clementportfolio\/wp-json\/wp\/v2\/media?parent=2524"}],"curies":[{"name":"wp","href":"https:\/\/api.w.org\/{rel}","templated":true}]}}