{"id":3445,"date":"2024-01-26T16:55:25","date_gmt":"2024-01-26T15:55:25","guid":{"rendered":"https:\/\/clementarki-portfolio.fr\/clementportfolio\/?page_id=3445"},"modified":"2024-04-02T18:17:34","modified_gmt":"2024-04-02T16:17:34","slug":"bloc-2","status":"publish","type":"page","link":"https:\/\/clementarki-portfolio.fr\/clementportfolio\/bloc-2\/","title":{"rendered":"BLOC 2 &#8211; SLAM"},"content":{"rendered":"\n<h1 class=\"wp-block-heading has-text-align-center has-black-color has-text-color has-link-color wp-elements-c25628449900961a60ddfb1810423527\"><span style=\"text-decoration: underline;\"><strong>TP Bloc 2 : Sp\u00e9cialit\u00e9 SLAM (Solutions logicielles et applications m\u00e9tiers)<\/strong><br><\/span><br><\/h1>\n\n\n\n<hr class=\"wp-block-separator has-alpha-channel-opacity is-style-wide\"\/>\n\n\n\n<h3 class=\"wp-block-heading has-text-align-center has-black-color has-text-color\"><br>Pendant le second semestre de cette sp\u00e9cialit\u00e9, j&rsquo;ai \u00e9t\u00e9 impliqu\u00e9 dans des TP ax\u00e9s sur le d\u00e9veloppement. Il y a aussi mes travaux de d\u00e9veloppement personnels.<br><br><\/h3>\n\n\n\n<h3 class=\"wp-block-heading has-text-align-center has-black-color has-text-color\">Voici les TP r\u00e9alis\u00e9s : <\/h3>\n\n\n\n<div class=\"wp-block-columns is-layout-flex wp-container-core-columns-is-layout-28f84493 wp-block-columns-is-layout-flex\">\n<div class=\"wp-block-column is-layout-flow wp-block-column-is-layout-flow\">\n<h2 class=\"wp-block-heading has-text-align-center has-black-color has-text-color\"><span style=\"text-decoration: underline;\"><strong>TP <\/strong><\/span><strong style=\"text-decoration-line: underline;\">: <\/strong><strong style=\"text-decoration-line: underline;\">WebCourses<\/strong><\/h2>\n\n\n\n<p class=\"has-text-align-center has-black-color has-text-color has-link-color has-medium-font-size wp-elements-a556f3cafe8f87a4e15f8e91940e0edc\"><br><strong>Voici les travaux pratiques effectu\u00e9s dans le cadre du projet WebCourses tout au long de son d\u00e9roulement :<\/strong><br><\/p>\n\n\n\n<div class=\"wp-block-buttons is-content-justification-center is-layout-flex wp-container-core-buttons-is-layout-a89b3969 wp-block-buttons-is-layout-flex\">\n<div class=\"wp-block-button has-custom-font-size has-medium-font-size\"><a class=\"wp-block-button__link has-ast-global-color-3-background-color has-background wp-element-button\" href=\"http:\/\/clementarki-portfolio.fr\/clementportfolio\/wp-content\/uploads\/2024\/03\/TP-Procedure-stockee-projet-WebCourses.pdf\" target=\"_blank\" rel=\"noreferrer noopener\">TP Proc\u00e9dure stock\u00e9e<\/a><\/div>\n\n\n\n<div class=\"wp-block-button has-custom-font-size has-medium-font-size\"><a class=\"wp-block-button__link has-ast-global-color-3-background-color has-background wp-element-button\" href=\"http:\/\/clementarki-portfolio.fr\/clementportfolio\/wp-content\/uploads\/2024\/04\/WebCourses-Mission-1-cyber-page-20-TP.pdf\" target=\"_blank\" rel=\"noreferrer noopener\">TP Droits utilisateurs<\/a><\/div>\n<\/div>\n<\/div>\n<\/div>\n\n\n\n<hr class=\"wp-block-separator has-alpha-channel-opacity barre12 is-style-wide\"\/>\n\n\n\n<h2 class=\"wp-block-heading has-text-align-center has-black-color has-text-color has-link-color wp-elements-b1dc9fabe20600660de986ca7ead8101\"><br><strong><span style=\"text-decoration: underline;\">TP : Base de donn\u00e9es animaux<\/span><\/strong><\/h2>\n\n\n\n<p class=\"has-text-align-center has-black-color has-text-color has-link-color wp-elements-3f8e641ed31bd77a679d47340a01670c\">Cliquez sur les boutons pour acc\u00e9der aux TP :<\/p>\n\n\n\n<div class=\"wp-block-buttons is-content-justification-center is-layout-flex wp-container-core-buttons-is-layout-a89b3969 wp-block-buttons-is-layout-flex\">\n<div class=\"wp-block-button has-custom-font-size has-medium-font-size\"><a class=\"wp-block-button__link has-ast-global-color-3-background-color has-background wp-element-button\" href=\"http:\/\/clementarki-portfolio.fr\/clementportfolio\/wp-content\/uploads\/2023\/11\/TD_CREATION_DE_3_TRIGGER_pour_mettre_a_jour_la_vue_materialisee_Webcourses_.pdf\" target=\"_blank\" rel=\"noreferrer noopener\">TP Trigger<\/a><\/div>\n\n\n\n<div class=\"wp-block-button has-custom-font-size has-medium-font-size\"><a class=\"wp-block-button__link has-ast-global-color-3-background-color has-background wp-element-button\" href=\"http:\/\/clementarki-portfolio.fr\/clementportfolio\/wp-content\/uploads\/2024\/03\/2-Les_vues__avec_mysql_-_base_Animaux_-_version_etudiant.pdf\" target=\"_blank\" rel=\"noreferrer noopener\">TP Vues<\/a><\/div>\n\n\n\n<div class=\"wp-block-button has-custom-font-size has-medium-font-size\"><a class=\"wp-block-button__link has-ast-global-color-3-background-color has-background wp-element-button\" href=\"http:\/\/clementarki-portfolio.fr\/clementportfolio\/wp-content\/uploads\/2024\/03\/3-Les_vues_materialisees_avec_mysql_-_base_Animaux_-_version_etudiant.pdf\" target=\"_blank\" rel=\"noreferrer noopener\">TP Vues mat\u00e9rialis\u00e9es<\/a><\/div>\n\n\n\n<div class=\"wp-block-button has-custom-font-size has-medium-font-size\"><a class=\"wp-block-button__link has-ast-global-color-3-background-color has-background wp-element-button\" href=\"http:\/\/clementarki-portfolio.fr\/clementportfolio\/wp-content\/uploads\/2024\/03\/5-Les_procedures_stockees_avec_mysql_-_base_Animaux_-_version_etudiant.pdf\" target=\"_blank\" rel=\"noreferrer noopener\">TP Proc\u00e9dure stock\u00e9e<\/a><\/div>\n<\/div>\n\n\n\n<p><br><\/p>\n\n\n\n<hr class=\"wp-block-separator has-alpha-channel-opacity barre12 is-style-wide\"\/>\n\n\n\n<h2 class=\"wp-block-heading has-text-align-center has-black-color has-text-color\"><br><strong><span style=\"text-decoration: underline;\">TP : Introduction \u00e0 la POO en java<\/span><\/strong><\/h2>\n\n\n\n<p><\/p>\n\n\n\n<p class=\"has-text-align-center has-black-color has-text-color has-link-color wp-elements-0af972e303026654c51a038594e1019b\">Cliquez sur le bouton pour acc\u00e9der au TP sur GitHub : <\/p>\n\n\n\n<div class=\"wp-block-buttons is-content-justification-center is-layout-flex wp-container-core-buttons-is-layout-a89b3969 wp-block-buttons-is-layout-flex\">\n<div class=\"wp-block-button has-custom-font-size has-medium-font-size\"><a class=\"wp-block-button__link has-ast-global-color-3-background-color has-background wp-element-button\" href=\"https:\/\/github.com\/Clement945\/TP-Introduction-la-POO-en-java\/tree\/main\" target=\"_blank\" rel=\"noreferrer noopener\">Acc\u00e9der au TP en java sur GitHub<\/a><\/div>\n<\/div>\n\n\n\n<p><br><\/p>\n\n\n\n<hr class=\"wp-block-separator has-alpha-channel-opacity barre12 is-style-wide\"\/>\n\n\n\n<h2 class=\"wp-block-heading has-text-align-center has-black-color has-text-color has-link-color wp-elements-b977032e0ba9f1b655462923e48e9f09\"><br><span style=\"text-decoration: underline;\"><strong>D\u00e9veloppements personnels<\/strong> :<\/span><\/h2>\n\n\n\n<div class=\"wp-block-columns is-layout-flex wp-container-core-columns-is-layout-28f84493 wp-block-columns-is-layout-flex\">\n<div class=\"wp-block-column is-layout-flow wp-block-column-is-layout-flow\">\n<h2 class=\"wp-block-heading has-text-align-center has-black-color has-text-color\"><strong><span style=\"text-decoration: underline;\">Site de streaming<\/span><\/strong><\/h2>\n\n\n\n<p class=\"has-text-align-center has-black-color has-text-color\">J&rsquo;ai r\u00e9alis\u00e9 un site de streaming comme d\u00e9veloppement personnel avec du HTML, CSS et Javascript. <\/p>\n\n\n\n<p class=\"has-text-align-center has-black-color has-text-color\">Cliquez sur le bouton pour acc\u00e9der \u00e0 mon projet sur GitHub : <\/p>\n\n\n\n<div class=\"wp-block-buttons is-content-justification-center is-layout-flex wp-container-core-buttons-is-layout-a89b3969 wp-block-buttons-is-layout-flex\">\n<div class=\"wp-block-button has-custom-font-size has-medium-font-size\"><a class=\"wp-block-button__link has-ast-global-color-3-background-color has-background wp-element-button\" href=\"https:\/\/github.com\/Clement945\/Site_streaming\" target=\"_blank\" rel=\"noreferrer noopener\">Acc\u00e9der au site de streaming sur GitHub<\/a><\/div>\n<\/div>\n<\/div>\n\n\n\n<div class=\"wp-block-column is-layout-flow wp-block-column-is-layout-flow\">\n<h2 class=\"wp-block-heading has-text-align-center has-black-color has-text-color has-link-color wp-elements-d6e0078887d1d8088f83c9930cb1b960\"><span style=\"text-decoration: underline;\"><strong>Calculatrice en Python<\/strong><\/span><\/h2>\n\n\n\n<p class=\"has-text-align-center has-black-color has-text-color has-link-color wp-elements-3002adda42ef3dc39ea5a415ede7ca3c\">J&rsquo;ai r\u00e9alis\u00e9 une calculatrice comme d\u00e9veloppement personnel avec le langage Python.<\/p>\n\n\n\n<p class=\"has-text-align-center has-black-color has-text-color has-link-color wp-elements-0a8f29867f69df4dae4e02a43653e337\">Cliquez sur le bouton pour acc\u00e9der \u00e0 mon projet sur GitHub : <\/p>\n\n\n\n<div class=\"wp-block-buttons is-content-justification-center is-layout-flex wp-container-core-buttons-is-layout-a89b3969 wp-block-buttons-is-layout-flex\">\n<div class=\"wp-block-button has-custom-font-size has-medium-font-size\"><a class=\"wp-block-button__link has-ast-global-color-3-background-color has-background wp-element-button\" href=\"https:\/\/github.com\/Clement945\/Calculatrice-en-python\/tree\/main\" target=\"_blank\" rel=\"noreferrer noopener\">Acc\u00e9der \u00e0 la calculatrice en python sur GitHub<\/a><\/div>\n<\/div>\n<\/div>\n<\/div>\n\n\n\n<p><br><br><\/p>\n","protected":false},"excerpt":{"rendered":"<p>TP Bloc 2 : Sp\u00e9cialit\u00e9 SLAM (Solutions logicielles et applications m\u00e9tiers) Pendant le second semestre de cette sp\u00e9cialit\u00e9, j&rsquo;ai \u00e9t\u00e9 impliqu\u00e9 dans des TP ax\u00e9s sur le d\u00e9veloppement. Il y a aussi mes travaux de d\u00e9veloppement personnels. Voici les TP r\u00e9alis\u00e9s : TP : WebCourses Voici les travaux pratiques effectu\u00e9s dans le cadre du projet &hellip;<\/p>\n<p class=\"read-more\"> <a class=\"\" href=\"https:\/\/clementarki-portfolio.fr\/clementportfolio\/bloc-2\/\"> <span class=\"screen-reader-text\">BLOC 2 &#8211; SLAM<\/span> Lire la suite\u00a0\u00bb<\/a><\/p>\n","protected":false},"author":1,"featured_media":0,"parent":0,"menu_order":0,"comment_status":"closed","ping_status":"closed","template":"","meta":{"site-sidebar-layout":"default","site-content-layout":"default","ast-global-header-display":"","ast-banner-title-visibility":"","ast-main-header-display":"","ast-hfb-above-header-display":"","ast-hfb-below-header-display":"","ast-hfb-mobile-header-display":"","site-post-title":"","ast-breadcrumbs-content":"","ast-featured-img":"","footer-sml-layout":"","theme-transparent-header-meta":"","adv-header-id-meta":"","stick-header-meta":"","header-above-stick-meta":"","header-main-stick-meta":"","header-below-stick-meta":"","footnotes":""},"class_list":["post-3445","page","type-page","status-publish","hentry"],"_links":{"self":[{"href":"https:\/\/clementarki-portfolio.fr\/clementportfolio\/wp-json\/wp\/v2\/pages\/3445","targetHints":{"allow":["GET"]}}],"collection":[{"href":"https:\/\/clementarki-portfolio.fr\/clementportfolio\/wp-json\/wp\/v2\/pages"}],"about":[{"href":"https:\/\/clementarki-portfolio.fr\/clementportfolio\/wp-json\/wp\/v2\/types\/page"}],"author":[{"embeddable":true,"href":"https:\/\/clementarki-portfolio.fr\/clementportfolio\/wp-json\/wp\/v2\/users\/1"}],"replies":[{"embeddable":true,"href":"https:\/\/clementarki-portfolio.fr\/clementportfolio\/wp-json\/wp\/v2\/comments?post=3445"}],"version-history":[{"count":96,"href":"https:\/\/clementarki-portfolio.fr\/clementportfolio\/wp-json\/wp\/v2\/pages\/3445\/revisions"}],"predecessor-version":[{"id":4095,"href":"https:\/\/clementarki-portfolio.fr\/clementportfolio\/wp-json\/wp\/v2\/pages\/3445\/revisions\/4095"}],"wp:attachment":[{"href":"https:\/\/clementarki-portfolio.fr\/clementportfolio\/wp-json\/wp\/v2\/media?parent=3445"}],"curies":[{"name":"wp","href":"https:\/\/api.w.org\/{rel}","templated":true}]}}