{"id":3447,"date":"2024-01-26T16:55:40","date_gmt":"2024-01-26T15:55:40","guid":{"rendered":"https:\/\/clementarki-portfolio.fr\/clementportfolio\/?page_id=3447"},"modified":"2024-03-04T20:46:51","modified_gmt":"2024-03-04T19:46:51","slug":"bloc-3","status":"publish","type":"page","link":"https:\/\/clementarki-portfolio.fr\/clementportfolio\/bloc-3\/","title":{"rendered":"BLOC 3 &#8211; Cybers\u00e9curit\u00e9"},"content":{"rendered":"\n<h1 class=\"wp-block-heading has-text-align-center has-black-color has-text-color has-link-color wp-elements-68880dc26730357cee0eb87dae7e2d5d\"><span style=\"text-decoration: underline;\"><strong>TP <\/strong><\/span><strong style=\"text-decoration-line: underline;\">Bloc 3 : Cybers\u00e9curit\u00e9 des services informatiques<\/strong><br><br><\/h1>\n\n\n\n<hr class=\"wp-block-separator has-alpha-channel-opacity is-style-wide\"\/>\n\n\n\n<h3 class=\"wp-block-heading has-text-align-center has-black-color has-text-color\"><br>Ce bloc se concentre sur le domaine de la cybers\u00e9curit\u00e9. Cela englobe \u00e0 la fois les attaques et les m\u00e9thodes de d\u00e9fense.<br><br><\/h3>\n\n\n\n<h3 class=\"wp-block-heading has-text-align-center has-black-color has-text-color\">Voici les TP r\u00e9alis\u00e9s :<br><\/h3>\n\n\n\n<div class=\"wp-block-columns is-layout-flex wp-container-core-columns-is-layout-28f84493 wp-block-columns-is-layout-flex\">\n<div class=\"wp-block-column is-layout-flow wp-block-column-is-layout-flow\">\n<h3 class=\"wp-block-heading has-text-align-center has-black-color has-text-color\">TP Acteur du piratage<br><\/h3>\n\n\n\n<figure class=\"wp-block-image aligncenter size-full is-resized\"><img loading=\"lazy\" decoding=\"async\" width=\"275\" height=\"183\" src=\"http:\/\/clementarki-portfolio.fr\/clementportfolio\/wp-content\/uploads\/2023\/08\/image-17.png\" alt=\"\" class=\"wp-image-1475\" style=\"aspect-ratio:1.504201680672269;width:248px;height:auto\"\/><\/figure>\n\n\n\n<div class=\"wp-block-buttons is-content-justification-center is-layout-flex wp-container-core-buttons-is-layout-a89b3969 wp-block-buttons-is-layout-flex\">\n<div class=\"wp-block-button has-custom-font-size has-medium-font-size\"><a class=\"wp-block-button__link has-ast-global-color-3-background-color has-background wp-element-button\" href=\"http:\/\/clementarki-portfolio.fr\/clementportfolio\/wp-content\/uploads\/2023\/08\/TD-reseau-chap-1-_-Piratage-Prive.pdf\" target=\"_blank\" rel=\"noreferrer noopener\">Acc\u00e9der au TP<\/a><\/div>\n<\/div>\n<\/div>\n\n\n\n<div class=\"wp-block-column is-layout-flow wp-block-column-is-layout-flow\">\n<h3 class=\"wp-block-heading has-text-align-center has-black-color has-text-color\">TP Attaque d\u00e9fense<br><\/h3>\n\n\n\n<figure class=\"wp-block-image aligncenter size-full is-resized\"><img loading=\"lazy\" decoding=\"async\" width=\"800\" height=\"530\" src=\"http:\/\/clementarki-portfolio.fr\/clementportfolio\/wp-content\/uploads\/2023\/08\/image-18.png\" alt=\"\" class=\"wp-image-1498\" style=\"aspect-ratio:1.5123456790123457;width:248px;height:auto\"\/><\/figure>\n\n\n\n<div class=\"wp-block-buttons is-content-justification-center is-layout-flex wp-container-core-buttons-is-layout-a89b3969 wp-block-buttons-is-layout-flex\">\n<div class=\"wp-block-button has-custom-font-size has-medium-font-size\"><a class=\"wp-block-button__link has-ast-global-color-3-background-color has-background wp-element-button\" href=\"http:\/\/clementarki-portfolio.fr\/clementportfolio\/wp-content\/uploads\/2023\/08\/TP-Attaque-defense.pdf\" target=\"_blank\" rel=\"noreferrer noopener\">Acc\u00e9der au TP<\/a><\/div>\n<\/div>\n<\/div>\n\n\n\n<div class=\"wp-block-column is-layout-flow wp-block-column-is-layout-flow\">\n<h3 class=\"wp-block-heading has-text-align-center has-black-color has-text-color\">TP Jeux s\u00e9rieux J&rsquo;accepte<br><\/h3>\n\n\n\n<figure class=\"wp-block-image aligncenter size-full is-resized\"><img loading=\"lazy\" decoding=\"async\" width=\"586\" height=\"457\" src=\"http:\/\/clementarki-portfolio.fr\/clementportfolio\/wp-content\/uploads\/2023\/08\/image-19.png\" alt=\"\" class=\"wp-image-1524\" style=\"aspect-ratio:1.2774193548387096;width:206px;height:auto\"\/><\/figure>\n\n\n\n<div class=\"wp-block-buttons is-content-justification-center is-layout-flex wp-container-core-buttons-is-layout-a89b3969 wp-block-buttons-is-layout-flex\">\n<div class=\"wp-block-button has-custom-font-size has-medium-font-size\"><a class=\"wp-block-button__link has-white-color has-ast-global-color-3-background-color has-text-color has-background wp-element-button\" href=\"http:\/\/clementarki-portfolio.fr\/clementportfolio\/wp-content\/uploads\/2023\/08\/Corrige_Lhistoire_folle_de_Sarah_et_Julien.pdf\" target=\"_blank\" rel=\"noreferrer noopener\">Acc\u00e9der au TP<\/a><\/div>\n<\/div>\n<\/div>\n<\/div>\n\n\n\n<p><br><\/p>\n","protected":false},"excerpt":{"rendered":"<p>TP Bloc 3 : Cybers\u00e9curit\u00e9 des services informatiques Ce bloc se concentre sur le domaine de la cybers\u00e9curit\u00e9. Cela englobe \u00e0 la fois les attaques et les m\u00e9thodes de d\u00e9fense. Voici les TP r\u00e9alis\u00e9s : TP Acteur du piratage TP Attaque d\u00e9fense TP Jeux s\u00e9rieux J&rsquo;accepte<\/p>\n","protected":false},"author":1,"featured_media":0,"parent":0,"menu_order":0,"comment_status":"closed","ping_status":"closed","template":"","meta":{"site-sidebar-layout":"default","site-content-layout":"default","ast-global-header-display":"","ast-banner-title-visibility":"","ast-main-header-display":"","ast-hfb-above-header-display":"","ast-hfb-below-header-display":"","ast-hfb-mobile-header-display":"","site-post-title":"","ast-breadcrumbs-content":"","ast-featured-img":"","footer-sml-layout":"","theme-transparent-header-meta":"","adv-header-id-meta":"","stick-header-meta":"","header-above-stick-meta":"","header-main-stick-meta":"","header-below-stick-meta":"","footnotes":""},"class_list":["post-3447","page","type-page","status-publish","hentry"],"_links":{"self":[{"href":"https:\/\/clementarki-portfolio.fr\/clementportfolio\/wp-json\/wp\/v2\/pages\/3447","targetHints":{"allow":["GET"]}}],"collection":[{"href":"https:\/\/clementarki-portfolio.fr\/clementportfolio\/wp-json\/wp\/v2\/pages"}],"about":[{"href":"https:\/\/clementarki-portfolio.fr\/clementportfolio\/wp-json\/wp\/v2\/types\/page"}],"author":[{"embeddable":true,"href":"https:\/\/clementarki-portfolio.fr\/clementportfolio\/wp-json\/wp\/v2\/users\/1"}],"replies":[{"embeddable":true,"href":"https:\/\/clementarki-portfolio.fr\/clementportfolio\/wp-json\/wp\/v2\/comments?post=3447"}],"version-history":[{"count":10,"href":"https:\/\/clementarki-portfolio.fr\/clementportfolio\/wp-json\/wp\/v2\/pages\/3447\/revisions"}],"predecessor-version":[{"id":3889,"href":"https:\/\/clementarki-portfolio.fr\/clementportfolio\/wp-json\/wp\/v2\/pages\/3447\/revisions\/3889"}],"wp:attachment":[{"href":"https:\/\/clementarki-portfolio.fr\/clementportfolio\/wp-json\/wp\/v2\/media?parent=3447"}],"curies":[{"name":"wp","href":"https:\/\/api.w.org\/{rel}","templated":true}]}}