{"id":3449,"date":"2024-01-26T16:56:37","date_gmt":"2024-01-26T15:56:37","guid":{"rendered":"https:\/\/clementarki-portfolio.fr\/clementportfolio\/?page_id=3449"},"modified":"2024-03-04T20:54:07","modified_gmt":"2024-03-04T19:54:07","slug":"ateliers-de-professionnalisation","status":"publish","type":"page","link":"https:\/\/clementarki-portfolio.fr\/clementportfolio\/ateliers-de-professionnalisation\/","title":{"rendered":"Ateliers de professionnalisation"},"content":{"rendered":"\n<h1 class=\"wp-block-heading has-text-align-center has-black-color has-text-color has-link-color wp-elements-802dde0db7a3a7a5ae7cf3213cc38b17\"><span style=\"text-decoration: underline;\"><strong>TP <\/strong><\/span><strong style=\"text-decoration-line: underline;\">Ateliers de professionnalisation<\/strong><br><br><\/h1>\n\n\n\n<hr class=\"wp-block-separator has-alpha-channel-opacity is-style-wide\"\/>\n\n\n\n<h5 class=\"wp-block-heading has-text-align-center has-black-color has-text-color has-link-color wp-elements-c3d3efa512e0876bee8d79a457816f9b\">L\u2019atelier de professionnalisation du BTS SIO se concentre sur la pratique professionnelle, visant \u00e0 d\u00e9velopper des comp\u00e9tences sp\u00e9cifiques en informatique. Il consolide ces comp\u00e9tences \u00e0 travers la r\u00e9alisation de projets et travaux pratiques et vise \u00e9galement \u00e0 d\u00e9velopper l&rsquo;autonomie professionnelle.<\/h5>\n\n\n\n<p><\/p>\n\n\n\n<hr class=\"wp-block-separator has-alpha-channel-opacity\"\/>\n\n\n\n<p><\/p>\n\n\n\n<h1 class=\"wp-block-heading has-text-align-center has-black-color has-text-color has-link-color wp-elements-fe9ed1f29628a7beb3189a05677083ac\"><span style=\"text-decoration: underline;\"><strong>TP : <\/strong><\/span><strong style=\"text-decoration-line: underline;\">Fiches d&rsquo;\u00e9tudes<\/strong><br><\/h1>\n\n\n\n<div class=\"wp-block-columns is-layout-flex wp-container-core-columns-is-layout-28f84493 wp-block-columns-is-layout-flex\">\n<div class=\"wp-block-column is-layout-flow wp-block-column-is-layout-flow\">\n<h1 class=\"wp-block-heading has-text-align-center has-black-color has-text-color\"><span style=\"text-decoration: underline;\"><strong>Fiche d&rsquo;\u00e9tude<\/strong> <strong>d&rsquo;un acteur du num\u00e9rique :<\/strong><\/span><strong><span style=\"text-decoration: underline;\"> Tesla<\/span><\/strong><br><\/h1>\n\n\n\n<figure class=\"wp-block-image aligncenter size-full is-resized\"><img loading=\"lazy\" decoding=\"async\" width=\"229\" height=\"221\" src=\"http:\/\/clementarki-portfolio.fr\/clementportfolio\/wp-content\/uploads\/2023\/09\/image-5.png\" alt=\"\" class=\"wp-image-2321\" style=\"width:169px;height:163px\"\/><\/figure>\n\n\n\n<p><\/p>\n\n\n\n<p class=\"has-text-align-center has-black-color has-text-color\">Pendant mon parcours en Atelier Professionnel, j&rsquo;ai \u00e9tudi\u00e9 et pr\u00e9sent\u00e9 en bin\u00f4me un acteur du num\u00e9rique qui est \u00ab\u00a0Tesla\u00a0\u00bb.<\/p>\n\n\n\n<p class=\"has-text-align-center has-black-color has-text-color\">Vous pouvez acc\u00e9der ci-dessous au lien vers le document de la pr\u00e9sentation orale correspondante :<\/p>\n\n\n\n<div class=\"wp-block-buttons is-content-justification-center is-layout-flex wp-container-core-buttons-is-layout-a89b3969 wp-block-buttons-is-layout-flex\">\n<div class=\"wp-block-button has-custom-font-size has-medium-font-size\"><a class=\"wp-block-button__link has-ast-global-color-3-background-color has-background wp-element-button\" href=\"http:\/\/clementarki-portfolio.fr\/clementportfolio\/wp-content\/uploads\/2023\/09\/Acteurs-numeriques-Tesla.pdf\" target=\"_blank\" rel=\"noreferrer noopener\">Cliquez ici pour acc\u00e9der au document<\/a><\/div>\n<\/div>\n<\/div>\n\n\n\n<div class=\"wp-block-column is-layout-flow wp-block-column-is-layout-flow\">\n<h1 class=\"wp-block-heading has-text-align-center has-black-color has-text-color\"><strong><span style=\"text-decoration: underline;\">Fiche<\/span><\/strong><strong style=\"text-decoration-line: underline;\"> d&rsquo;\u00e9tude d&rsquo;un m\u00e9tier : Pentester<\/strong><br><\/h1>\n\n\n\n<figure class=\"wp-block-image aligncenter size-full is-resized\"><img loading=\"lazy\" decoding=\"async\" width=\"1000\" height=\"759\" src=\"http:\/\/clementarki-portfolio.fr\/clementportfolio\/wp-content\/uploads\/2023\/09\/image-6.png\" alt=\"\" class=\"wp-image-2329\" style=\"width:208px;height:158px\"\/><\/figure>\n\n\n\n<p><\/p>\n\n\n\n<p class=\"has-text-align-center has-black-color has-text-color\">Pendant mon parcours en Atelier Professionnel, j&rsquo;ai \u00e9tudi\u00e9 et pr\u00e9sent\u00e9 en bin\u00f4me une profession appel\u00e9e \u00ab\u00a0Pentester\u00a0\u00bb.<\/p>\n\n\n\n<p class=\"has-text-align-center has-black-color has-text-color\">Vous pouvez acc\u00e9der ci-dessous au document de la pr\u00e9sentation orale ainsi qu&rsquo;\u00e0 la fiche m\u00e9tier correspondante :<\/p>\n\n\n\n<div class=\"wp-block-buttons is-content-justification-center is-layout-flex wp-container-core-buttons-is-layout-a89b3969 wp-block-buttons-is-layout-flex\">\n<div class=\"wp-block-button has-custom-font-size has-medium-font-size\"><a class=\"wp-block-button__link has-ast-global-color-3-background-color has-background wp-element-button\" href=\"https:\/\/clementarki-portfolio.fr\/clementportfolio\/wp-content\/uploads\/2023\/09\/Expose-_-Pentester.pdf\" target=\"_blank\" rel=\"noreferrer noopener\">Cliquez ici pour acc\u00e9der au document<\/a><\/div>\n<\/div>\n\n\n\n<div class=\"wp-block-buttons is-content-justification-center is-layout-flex wp-container-core-buttons-is-layout-a89b3969 wp-block-buttons-is-layout-flex\">\n<div class=\"wp-block-button has-custom-font-size has-medium-font-size\"><a class=\"wp-block-button__link has-ast-global-color-3-background-color has-background wp-element-button\" href=\"https:\/\/clementarki-portfolio.fr\/clementportfolio\/wp-content\/uploads\/2023\/08\/Fiche_metier_Pentester.pdf\" target=\"_blank\" rel=\"noreferrer noopener\">Cliquez ici pour acc\u00e9der \u00e0 la fiche m\u00e9tier<\/a><\/div>\n<\/div>\n<\/div>\n<\/div>\n","protected":false},"excerpt":{"rendered":"<p>TP Ateliers de professionnalisation L\u2019atelier de professionnalisation du BTS SIO se concentre sur la pratique professionnelle, visant \u00e0 d\u00e9velopper des comp\u00e9tences sp\u00e9cifiques en informatique. Il consolide ces comp\u00e9tences \u00e0 travers la r\u00e9alisation de projets et travaux pratiques et vise \u00e9galement \u00e0 d\u00e9velopper l&rsquo;autonomie professionnelle. TP : Fiches d&rsquo;\u00e9tudes Fiche d&rsquo;\u00e9tude d&rsquo;un acteur du num\u00e9rique : &hellip;<\/p>\n<p class=\"read-more\"> <a class=\"\" href=\"https:\/\/clementarki-portfolio.fr\/clementportfolio\/ateliers-de-professionnalisation\/\"> <span class=\"screen-reader-text\">Ateliers de professionnalisation<\/span> Lire la suite\u00a0\u00bb<\/a><\/p>\n","protected":false},"author":1,"featured_media":0,"parent":0,"menu_order":0,"comment_status":"closed","ping_status":"closed","template":"","meta":{"site-sidebar-layout":"default","site-content-layout":"default","ast-global-header-display":"","ast-banner-title-visibility":"","ast-main-header-display":"","ast-hfb-above-header-display":"","ast-hfb-below-header-display":"","ast-hfb-mobile-header-display":"","site-post-title":"","ast-breadcrumbs-content":"","ast-featured-img":"","footer-sml-layout":"","theme-transparent-header-meta":"","adv-header-id-meta":"","stick-header-meta":"","header-above-stick-meta":"","header-main-stick-meta":"","header-below-stick-meta":"","footnotes":""},"class_list":["post-3449","page","type-page","status-publish","hentry"],"_links":{"self":[{"href":"https:\/\/clementarki-portfolio.fr\/clementportfolio\/wp-json\/wp\/v2\/pages\/3449","targetHints":{"allow":["GET"]}}],"collection":[{"href":"https:\/\/clementarki-portfolio.fr\/clementportfolio\/wp-json\/wp\/v2\/pages"}],"about":[{"href":"https:\/\/clementarki-portfolio.fr\/clementportfolio\/wp-json\/wp\/v2\/types\/page"}],"author":[{"embeddable":true,"href":"https:\/\/clementarki-portfolio.fr\/clementportfolio\/wp-json\/wp\/v2\/users\/1"}],"replies":[{"embeddable":true,"href":"https:\/\/clementarki-portfolio.fr\/clementportfolio\/wp-json\/wp\/v2\/comments?post=3449"}],"version-history":[{"count":34,"href":"https:\/\/clementarki-portfolio.fr\/clementportfolio\/wp-json\/wp\/v2\/pages\/3449\/revisions"}],"predecessor-version":[{"id":3901,"href":"https:\/\/clementarki-portfolio.fr\/clementportfolio\/wp-json\/wp\/v2\/pages\/3449\/revisions\/3901"}],"wp:attachment":[{"href":"https:\/\/clementarki-portfolio.fr\/clementportfolio\/wp-json\/wp\/v2\/media?parent=3449"}],"curies":[{"name":"wp","href":"https:\/\/api.w.org\/{rel}","templated":true}]}}