{"id":3790,"date":"2024-03-04T19:28:29","date_gmt":"2024-03-04T18:28:29","guid":{"rendered":"https:\/\/clementarki-portfolio.fr\/clementportfolio\/?page_id=3790"},"modified":"2024-03-05T16:40:19","modified_gmt":"2024-03-05T15:40:19","slug":"tp","status":"publish","type":"page","link":"https:\/\/clementarki-portfolio.fr\/clementportfolio\/tp\/","title":{"rendered":"TP (Travaux pratiques)"},"content":{"rendered":"\n<h1 class=\"wp-block-heading has-text-align-center has-black-color has-text-color has-link-color wp-elements-3009d674202330c1cdfb0eed2085078f\"><span style=\"text-decoration: underline;\"><strong>TP (Travaux pratiques)<\/strong><\/span><br><br><\/h1>\n\n\n\n<hr class=\"wp-block-separator has-alpha-channel-opacity is-style-wide\"\/>\n\n\n\n<h4 class=\"wp-block-heading has-text-align-center has-black-color has-text-color has-link-color wp-elements-6f22257db0d000e0f8fd1a1c47623329\">Vous pourrez consulter la liste des TP et autres activit\u00e9s que j\u2019ai r\u00e9alis\u00e9s dans les Blocs 1, 2, 3 ainsi qu\u2019en ateliers de professionnalisation.<br><br><\/h4>\n\n\n\n<hr class=\"wp-block-separator has-alpha-channel-opacity barre12 is-style-wide\"\/>\n\n\n\n<p><br><\/p>\n\n\n\n<h4 class=\"wp-block-heading has-text-align-center has-black-color has-text-color has-link-color wp-elements-10d506ffcb98c30b154c5fa0402e190b\"><strong>Bloc 1 : Support et mise \u00e0 disposition de service informatique<\/strong><\/h4>\n\n\n\n<div class=\"wp-block-buttons has-custom-font-size has-medium-font-size is-content-justification-center is-layout-flex wp-container-core-buttons-is-layout-a89b3969 wp-block-buttons-is-layout-flex\">\n<div class=\"wp-block-button\"><a class=\"wp-block-button__link has-ast-global-color-3-background-color has-background has-text-align-center wp-element-button\" href=\"https:\/\/clementarki-portfolio.fr\/clementportfolio\/bloc-1\/\">Acc\u00e9der \u00e0 la page Bloc 1 &#8211; Support<\/a><\/div>\n<\/div>\n\n\n\n<p><br><\/p>\n\n\n\n<hr class=\"wp-block-separator has-alpha-channel-opacity\"\/>\n\n\n\n<p><br><\/p>\n\n\n\n<h4 class=\"wp-block-heading has-text-align-center has-black-color has-text-color has-link-color wp-elements-b57a479d09a858dfe8dd94f2ca1ec2ff\"><strong>Bloc 2 : Sp\u00e9cialit\u00e9 SLAM (Solutions logicielles et applications m\u00e9tiers)<\/strong><\/h4>\n\n\n\n<div class=\"wp-block-buttons has-custom-font-size has-medium-font-size is-content-justification-center is-layout-flex wp-container-core-buttons-is-layout-a89b3969 wp-block-buttons-is-layout-flex\">\n<div class=\"wp-block-button\"><a class=\"wp-block-button__link has-ast-global-color-3-background-color has-background has-text-align-center wp-element-button\" href=\"https:\/\/clementarki-portfolio.fr\/clementportfolio\/bloc-2\/\">Acc\u00e9der \u00e0 la page Bloc 2 &#8211; SLAM<\/a><\/div>\n<\/div>\n\n\n\n<p><br><\/p>\n\n\n\n<hr class=\"wp-block-separator has-alpha-channel-opacity\"\/>\n\n\n\n<p><br><\/p>\n\n\n\n<h4 class=\"wp-block-heading has-text-align-center has-black-color has-text-color has-link-color wp-elements-0ccf19a11406fd685429851cf1f5e5e7\"><strong>Bloc 3 : Cybers\u00e9curit\u00e9 des services informatiques<\/strong><\/h4>\n\n\n\n<div class=\"wp-block-buttons has-custom-font-size has-medium-font-size is-content-justification-center is-layout-flex wp-container-core-buttons-is-layout-a89b3969 wp-block-buttons-is-layout-flex\">\n<div class=\"wp-block-button\"><a class=\"wp-block-button__link has-ast-global-color-3-background-color has-background has-text-align-center wp-element-button\" href=\"https:\/\/clementarki-portfolio.fr\/clementportfolio\/bloc-3\/\">Acc\u00e9der \u00e0 la page Bloc 3 &#8211; Cybers\u00e9curit\u00e9<\/a><\/div>\n<\/div>\n\n\n\n<p><br><\/p>\n\n\n\n<hr class=\"wp-block-separator has-alpha-channel-opacity\"\/>\n\n\n\n<h4 class=\"wp-block-heading has-text-align-center has-black-color has-text-color has-link-color wp-elements-f26367b36c672b72192a454f8b00c927\"><br><br><strong>Ateliers de professionnalisation<\/strong><\/h4>\n\n\n\n<div class=\"wp-block-buttons has-custom-font-size has-medium-font-size is-content-justification-center is-layout-flex wp-container-core-buttons-is-layout-a89b3969 wp-block-buttons-is-layout-flex\">\n<div class=\"wp-block-button\"><a class=\"wp-block-button__link has-ast-global-color-3-background-color has-background has-text-align-center wp-element-button\" href=\"https:\/\/clementarki-portfolio.fr\/clementportfolio\/ateliers-de-professionnalisation\/\">Acc\u00e9der \u00e0 la page Ateliers de professionnalisation<\/a><\/div>\n<\/div>\n","protected":false},"excerpt":{"rendered":"<p>TP (Travaux pratiques) Vous pourrez consulter la liste des TP et autres activit\u00e9s que j\u2019ai r\u00e9alis\u00e9s dans les Blocs 1, 2, 3 ainsi qu\u2019en ateliers de professionnalisation. Bloc 1 : Support et mise \u00e0 disposition de service informatique Bloc 2 : Sp\u00e9cialit\u00e9 SLAM (Solutions logicielles et applications m\u00e9tiers) Bloc 3 : Cybers\u00e9curit\u00e9 des services informatiques &hellip;<\/p>\n<p class=\"read-more\"> <a class=\"\" href=\"https:\/\/clementarki-portfolio.fr\/clementportfolio\/tp\/\"> <span class=\"screen-reader-text\">TP (Travaux pratiques)<\/span> Lire la suite\u00a0\u00bb<\/a><\/p>\n","protected":false},"author":1,"featured_media":0,"parent":0,"menu_order":0,"comment_status":"closed","ping_status":"closed","template":"","meta":{"site-sidebar-layout":"default","site-content-layout":"default","ast-global-header-display":"","ast-banner-title-visibility":"","ast-main-header-display":"","ast-hfb-above-header-display":"","ast-hfb-below-header-display":"","ast-hfb-mobile-header-display":"","site-post-title":"","ast-breadcrumbs-content":"","ast-featured-img":"","footer-sml-layout":"","theme-transparent-header-meta":"","adv-header-id-meta":"","stick-header-meta":"","header-above-stick-meta":"","header-main-stick-meta":"","header-below-stick-meta":"","footnotes":""},"class_list":["post-3790","page","type-page","status-publish","hentry"],"_links":{"self":[{"href":"https:\/\/clementarki-portfolio.fr\/clementportfolio\/wp-json\/wp\/v2\/pages\/3790","targetHints":{"allow":["GET"]}}],"collection":[{"href":"https:\/\/clementarki-portfolio.fr\/clementportfolio\/wp-json\/wp\/v2\/pages"}],"about":[{"href":"https:\/\/clementarki-portfolio.fr\/clementportfolio\/wp-json\/wp\/v2\/types\/page"}],"author":[{"embeddable":true,"href":"https:\/\/clementarki-portfolio.fr\/clementportfolio\/wp-json\/wp\/v2\/users\/1"}],"replies":[{"embeddable":true,"href":"https:\/\/clementarki-portfolio.fr\/clementportfolio\/wp-json\/wp\/v2\/comments?post=3790"}],"version-history":[{"count":32,"href":"https:\/\/clementarki-portfolio.fr\/clementportfolio\/wp-json\/wp\/v2\/pages\/3790\/revisions"}],"predecessor-version":[{"id":4009,"href":"https:\/\/clementarki-portfolio.fr\/clementportfolio\/wp-json\/wp\/v2\/pages\/3790\/revisions\/4009"}],"wp:attachment":[{"href":"https:\/\/clementarki-portfolio.fr\/clementportfolio\/wp-json\/wp\/v2\/media?parent=3790"}],"curies":[{"name":"wp","href":"https:\/\/api.w.org\/{rel}","templated":true}]}}