{"id":3795,"date":"2024-03-04T19:29:21","date_gmt":"2024-03-04T18:29:21","guid":{"rendered":"https:\/\/clementarki-portfolio.fr\/clementportfolio\/?page_id=3795"},"modified":"2024-03-17T14:46:26","modified_gmt":"2024-03-17T13:46:26","slug":"javastocks","status":"publish","type":"page","link":"https:\/\/clementarki-portfolio.fr\/clementportfolio\/javastocks\/","title":{"rendered":"JavaStocks"},"content":{"rendered":"\n<h1 class=\"wp-block-heading has-text-align-center has-black-color has-text-color has-link-color wp-elements-e80f60b62247133b26ce9ca80a01214b\"><span style=\"text-decoration: underline;\"><strong>Projet E5 : JavaStocks<\/strong><\/span><br><br><\/h1>\n\n\n\n<hr class=\"wp-block-separator has-alpha-channel-opacity is-style-wide\"\/>\n\n\n\n<h2 class=\"wp-block-heading has-text-align-center has-black-color has-text-color has-link-color wp-elements-5abf24a95b4fed0d98715657fc043207\">Pr\u00e9sentation JavaStocks :<\/h2>\n\n\n\n<p class=\"has-text-align-center has-black-color has-text-color has-link-color wp-elements-2b69a5adb5cf8b4c3b36af0118a89815\">JavaStocks est une application de gestion de stocks pour une entreprise qui vend des articles li\u00e9s aux courses, tels que des textiles, des boissons et des denr\u00e9es s\u00e8ches. L&rsquo;application permet aux gestionnaires de stocks de g\u00e9rer les articles, les coureurs, les types d&rsquo;\u00e9preuve et les r\u00e9servations d&rsquo;articles pour les \u00e9v\u00e9nements. C&rsquo;est aussi la prolongation du projet WebCourses.<\/p>\n\n\n\n<p class=\"has-text-align-center has-black-color has-text-color has-link-color wp-elements-424e5106f66e8c4a19fc8046599e170c\">Ce projet a \u00e9t\u00e9 r\u00e9alis\u00e9 avec le langage de programmation Java, utilisant PostgreSQL pour la base de donn\u00e9es et SceneBuilder pour l&rsquo;interface graphique.<\/p>\n\n\n\n<hr class=\"wp-block-separator has-alpha-channel-opacity\"\/>\n\n\n\n<p><\/p>\n\n\n\n<p class=\"has-text-align-center has-black-color has-text-color has-link-color wp-elements-82d11cb8049f447ca79bff82629c2d64\"><br>Cliquez sur le bouton pour acc\u00e9der au projet sur GitHub : <\/p>\n\n\n\n<div class=\"wp-block-buttons is-content-justification-center is-layout-flex wp-container-core-buttons-is-layout-a89b3969 wp-block-buttons-is-layout-flex\">\n<div class=\"wp-block-button has-custom-font-size has-medium-font-size\"><a class=\"wp-block-button__link has-ast-global-color-3-background-color has-background wp-element-button\" href=\"https:\/\/github.com\/Clement945\/Projet-Javastocks\" target=\"_blank\" rel=\"noreferrer noopener\">Acc\u00e9der au Projet JavaStocks sur GitHub<\/a><\/div>\n<\/div>\n\n\n\n<p><\/p>\n\n\n\n<p><br><\/p>\n\n\n\n<hr class=\"wp-block-separator has-alpha-channel-opacity\"\/>\n\n\n\n<p><\/p>\n\n\n\n<h5 class=\"wp-block-heading has-text-align-center has-black-color has-text-color has-link-color wp-elements-5293100d880950bbf5b0865bf5c8ca7e\">Voici un aper\u00e7u du projet ci-dessous :<\/h5>\n\n\n\n<p><\/p>\n\n\n\n<figure class=\"wp-block-image aligncenter size-full is-resized\"><img loading=\"lazy\" decoding=\"async\" width=\"992\" height=\"854\" src=\"http:\/\/clementarki-portfolio.fr\/clementportfolio\/wp-content\/uploads\/2023\/12\/image.png\" alt=\"\" class=\"wp-image-2752\" style=\"width:434px;height:auto\"\/><\/figure>\n\n\n\n<p><br><\/p>\n\n\n\n<hr class=\"wp-block-separator has-alpha-channel-opacity barre12 is-style-wide\"\/>\n\n\n\n<p><\/p>\n\n\n\n<h5 class=\"wp-block-heading has-text-align-center has-black-color has-text-color has-link-color wp-elements-8ce1e6b8ab090205c1084e436bafa06d\">Ci-dessous se trouve la documentation technique de JavaStocks :<\/h5>\n\n\n\n<div class=\"wp-block-buttons is-content-justification-center is-layout-flex wp-container-core-buttons-is-layout-a89b3969 wp-block-buttons-is-layout-flex\">\n<div class=\"wp-block-button has-custom-font-size has-medium-font-size\"><a class=\"wp-block-button__link has-ast-global-color-3-background-color has-background wp-element-button\" href=\"http:\/\/clementarki-portfolio.fr\/clementportfolio\/wp-content\/uploads\/2024\/03\/Documentation-technique-de-JavaStocks.pdf\" target=\"_blank\" rel=\"noreferrer noopener\">Acc\u00e9der \u00e0 la documentation<\/a><\/div>\n<\/div>\n\n\n\n<h2 class=\"wp-block-heading has-text-align-center has-black-color has-text-color has-link-color wp-elements-34b767554e8712bd5ef029a12ca7d6d2\"><br><\/h2>\n","protected":false},"excerpt":{"rendered":"<p>Projet E5 : JavaStocks Pr\u00e9sentation JavaStocks : JavaStocks est une application de gestion de stocks pour une entreprise qui vend des articles li\u00e9s aux courses, tels que des textiles, des boissons et des denr\u00e9es s\u00e8ches. L&rsquo;application permet aux gestionnaires de stocks de g\u00e9rer les articles, les coureurs, les types d&rsquo;\u00e9preuve et les r\u00e9servations d&rsquo;articles pour &hellip;<\/p>\n<p class=\"read-more\"> <a class=\"\" href=\"https:\/\/clementarki-portfolio.fr\/clementportfolio\/javastocks\/\"> <span class=\"screen-reader-text\">JavaStocks<\/span> Lire la suite\u00a0\u00bb<\/a><\/p>\n","protected":false},"author":1,"featured_media":0,"parent":0,"menu_order":0,"comment_status":"closed","ping_status":"closed","template":"","meta":{"site-sidebar-layout":"default","site-content-layout":"default","ast-global-header-display":"","ast-banner-title-visibility":"","ast-main-header-display":"","ast-hfb-above-header-display":"","ast-hfb-below-header-display":"","ast-hfb-mobile-header-display":"","site-post-title":"","ast-breadcrumbs-content":"","ast-featured-img":"","footer-sml-layout":"","theme-transparent-header-meta":"","adv-header-id-meta":"","stick-header-meta":"","header-above-stick-meta":"","header-main-stick-meta":"","header-below-stick-meta":"","footnotes":""},"class_list":["post-3795","page","type-page","status-publish","hentry"],"_links":{"self":[{"href":"https:\/\/clementarki-portfolio.fr\/clementportfolio\/wp-json\/wp\/v2\/pages\/3795","targetHints":{"allow":["GET"]}}],"collection":[{"href":"https:\/\/clementarki-portfolio.fr\/clementportfolio\/wp-json\/wp\/v2\/pages"}],"about":[{"href":"https:\/\/clementarki-portfolio.fr\/clementportfolio\/wp-json\/wp\/v2\/types\/page"}],"author":[{"embeddable":true,"href":"https:\/\/clementarki-portfolio.fr\/clementportfolio\/wp-json\/wp\/v2\/users\/1"}],"replies":[{"embeddable":true,"href":"https:\/\/clementarki-portfolio.fr\/clementportfolio\/wp-json\/wp\/v2\/comments?post=3795"}],"version-history":[{"count":16,"href":"https:\/\/clementarki-portfolio.fr\/clementportfolio\/wp-json\/wp\/v2\/pages\/3795\/revisions"}],"predecessor-version":[{"id":4068,"href":"https:\/\/clementarki-portfolio.fr\/clementportfolio\/wp-json\/wp\/v2\/pages\/3795\/revisions\/4068"}],"wp:attachment":[{"href":"https:\/\/clementarki-portfolio.fr\/clementportfolio\/wp-json\/wp\/v2\/media?parent=3795"}],"curies":[{"name":"wp","href":"https:\/\/api.w.org\/{rel}","templated":true}]}}