{"id":3797,"date":"2024-03-04T19:29:38","date_gmt":"2024-03-04T18:29:38","guid":{"rendered":"https:\/\/clementarki-portfolio.fr\/clementportfolio\/?page_id=3797"},"modified":"2024-03-04T22:51:10","modified_gmt":"2024-03-04T21:51:10","slug":"rgpd","status":"publish","type":"page","link":"https:\/\/clementarki-portfolio.fr\/clementportfolio\/rgpd\/","title":{"rendered":"RGPD"},"content":{"rendered":"\n<h1 class=\"wp-block-heading has-text-align-center has-black-color has-text-color has-link-color wp-elements-55a87442303309025e512d1ad57fb5a2\"><span style=\"text-decoration: underline;\"><strong>Projet RGPD<br><\/strong><\/span><br><\/h1>\n\n\n\n<hr class=\"wp-block-separator has-alpha-channel-opacity is-style-wide\"\/>\n\n\n\n<p class=\"has-text-align-center has-black-color has-text-color has-link-color wp-elements-df20f7159f7ac5db7ef5e93251324d39\">Pendant mon parcours en BTS SIO, j&rsquo;ai travaill\u00e9 sur des projets tels que WebCourses et Javastocks, impliquant la mise en \u0153uvre du RGPD.<\/p>\n\n\n\n<p><br><\/p>\n\n\n\n<h3 class=\"wp-block-heading has-text-align-center has-black-color has-text-color has-link-color wp-elements-2f466158ce5f6c97b34cd50de17c0f8e\">Voici les missions en lien avec le projet <span style=\"text-decoration: underline;\">WebCourses<\/span> concernant le RGPD :<\/h3>\n\n\n\n<p><br><\/p>\n\n\n\n<div class=\"wp-block-buttons is-content-justification-center is-layout-flex wp-container-core-buttons-is-layout-a89b3969 wp-block-buttons-is-layout-flex\">\n<div class=\"wp-block-button has-custom-font-size has-medium-font-size\"><a class=\"wp-block-button__link has-ast-global-color-3-background-color has-background wp-element-button\" href=\"http:\/\/clementarki-portfolio.fr\/clementportfolio\/wp-content\/uploads\/2024\/01\/mentions_legalesv2.pdf\" target=\"_blank\" rel=\"noreferrer noopener\">Mission mentions l\u00e9gales<\/a><\/div>\n\n\n\n<div class=\"wp-block-button has-custom-font-size has-medium-font-size\"><a class=\"wp-block-button__link has-ast-global-color-3-background-color has-background wp-element-button\" href=\"http:\/\/clementarki-portfolio.fr\/clementportfolio\/wp-content\/uploads\/2024\/01\/politique_de_confidentialite.pdf\" target=\"_blank\" rel=\"noreferrer noopener\">Mission Politique de confidentialit\u00e9<\/a><\/div>\n\n\n\n<div class=\"wp-block-button has-custom-font-size has-medium-font-size\"><a class=\"wp-block-button__link has-ast-global-color-3-background-color has-background wp-element-button\" href=\"http:\/\/clementarki-portfolio.fr\/clementportfolio\/wp-content\/uploads\/2024\/01\/gestion_des_cookies.pdf\" target=\"_blank\" rel=\"noreferrer noopener\">Mission Gestion des cookies<\/a><\/div>\n<\/div>\n\n\n\n<p><br><\/p>\n\n\n\n<hr class=\"wp-block-separator has-alpha-channel-opacity\"\/>\n\n\n\n<p><br><\/p>\n\n\n\n<div class=\"wp-block-buttons is-content-justification-center is-layout-flex wp-container-core-buttons-is-layout-a89b3969 wp-block-buttons-is-layout-flex\">\n<div class=\"wp-block-button has-custom-font-size has-medium-font-size\"><a class=\"wp-block-button__link has-ast-global-color-3-background-color has-background wp-element-button\" href=\"http:\/\/clementarki-portfolio.fr\/clementportfolio\/wp-content\/uploads\/2024\/03\/AFONSO_Anthony_ARKI_Clement_-_PIA.pdf\" target=\"_blank\" rel=\"noreferrer noopener\">Mission PIA pour le projet WebCourses<\/a><\/div>\n<\/div>\n\n\n\n<p><br><\/p>\n\n\n\n<p class=\"has-text-align-center has-black-color has-text-color has-link-color wp-elements-05ff0bb12c87c9c5e4ba799789d658fa\">Voici la cartographie des risques pour le projet WebCourses, r\u00e9alis\u00e9e \u00e0 l&rsquo;aide du logiciel PIA (Analyse d&rsquo;impact sur la protection des donn\u00e9es) :<\/p>\n\n\n\n<p><\/p>\n\n\n\n<figure class=\"wp-block-image aligncenter size-large is-resized\"><img loading=\"lazy\" decoding=\"async\" width=\"1024\" height=\"581\" src=\"https:\/\/clementarki-portfolio.fr\/clementportfolio\/wp-content\/uploads\/2024\/03\/cartographie_des_risques-1024x581.png\" alt=\"\" class=\"wp-image-3933\" style=\"width:553px;height:auto\" srcset=\"https:\/\/clementarki-portfolio.fr\/clementportfolio\/wp-content\/uploads\/2024\/03\/cartographie_des_risques-1024x581.png 1024w, https:\/\/clementarki-portfolio.fr\/clementportfolio\/wp-content\/uploads\/2024\/03\/cartographie_des_risques-300x170.png 300w, https:\/\/clementarki-portfolio.fr\/clementportfolio\/wp-content\/uploads\/2024\/03\/cartographie_des_risques-768x436.png 768w, https:\/\/clementarki-portfolio.fr\/clementportfolio\/wp-content\/uploads\/2024\/03\/cartographie_des_risques-1536x872.png 1536w, https:\/\/clementarki-portfolio.fr\/clementportfolio\/wp-content\/uploads\/2024\/03\/cartographie_des_risques.png 1920w\" sizes=\"auto, (max-width: 1024px) 100vw, 1024px\" \/><\/figure>\n\n\n\n<p><br><\/p>\n\n\n\n<p><br><\/p>\n\n\n\n<hr class=\"wp-block-separator has-alpha-channel-opacity barre12 is-style-wide\"\/>\n\n\n\n<p><br><\/p>\n\n\n\n<h3 class=\"wp-block-heading has-text-align-center has-black-color has-text-color has-link-color wp-elements-d95ef1b7780d83ed3f1e1146935259c6\">Voici la mission en lien avec le registre des traitements pour le projet <span style=\"text-decoration: underline;\">JavaStocks<\/span> concernant le RGPD :<\/h3>\n\n\n\n<p><br><\/p>\n\n\n\n<div class=\"wp-block-buttons is-content-justification-center is-layout-flex wp-container-core-buttons-is-layout-a89b3969 wp-block-buttons-is-layout-flex\">\n<div class=\"wp-block-button has-custom-font-size has-medium-font-size\"><a class=\"wp-block-button__link has-ast-global-color-3-background-color has-background wp-element-button\" href=\"http:\/\/clementarki-portfolio.fr\/clementportfolio\/wp-content\/uploads\/2024\/03\/Registre_des_traitements_-_base_de_travail-Clement-Arki.pdf\" target=\"_blank\" rel=\"noreferrer noopener\">Mission registre des traitements<\/a><\/div>\n<\/div>\n\n\n\n<p><br><\/p>\n\n\n\n<p><br><\/p>\n","protected":false},"excerpt":{"rendered":"<p>Projet RGPD Pendant mon parcours en BTS SIO, j&rsquo;ai travaill\u00e9 sur des projets tels que WebCourses et Javastocks, impliquant la mise en \u0153uvre du RGPD. Voici les missions en lien avec le projet WebCourses concernant le RGPD : Voici la cartographie des risques pour le projet WebCourses, r\u00e9alis\u00e9e \u00e0 l&rsquo;aide du logiciel PIA (Analyse d&rsquo;impact &hellip;<\/p>\n<p class=\"read-more\"> <a class=\"\" href=\"https:\/\/clementarki-portfolio.fr\/clementportfolio\/rgpd\/\"> <span class=\"screen-reader-text\">RGPD<\/span> Lire la suite\u00a0\u00bb<\/a><\/p>\n","protected":false},"author":1,"featured_media":0,"parent":0,"menu_order":0,"comment_status":"closed","ping_status":"closed","template":"","meta":{"site-sidebar-layout":"default","site-content-layout":"default","ast-global-header-display":"","ast-banner-title-visibility":"","ast-main-header-display":"","ast-hfb-above-header-display":"","ast-hfb-below-header-display":"","ast-hfb-mobile-header-display":"","site-post-title":"","ast-breadcrumbs-content":"","ast-featured-img":"","footer-sml-layout":"","theme-transparent-header-meta":"","adv-header-id-meta":"","stick-header-meta":"","header-above-stick-meta":"","header-main-stick-meta":"","header-below-stick-meta":"","footnotes":""},"class_list":["post-3797","page","type-page","status-publish","hentry"],"_links":{"self":[{"href":"https:\/\/clementarki-portfolio.fr\/clementportfolio\/wp-json\/wp\/v2\/pages\/3797","targetHints":{"allow":["GET"]}}],"collection":[{"href":"https:\/\/clementarki-portfolio.fr\/clementportfolio\/wp-json\/wp\/v2\/pages"}],"about":[{"href":"https:\/\/clementarki-portfolio.fr\/clementportfolio\/wp-json\/wp\/v2\/types\/page"}],"author":[{"embeddable":true,"href":"https:\/\/clementarki-portfolio.fr\/clementportfolio\/wp-json\/wp\/v2\/users\/1"}],"replies":[{"embeddable":true,"href":"https:\/\/clementarki-portfolio.fr\/clementportfolio\/wp-json\/wp\/v2\/comments?post=3797"}],"version-history":[{"count":40,"href":"https:\/\/clementarki-portfolio.fr\/clementportfolio\/wp-json\/wp\/v2\/pages\/3797\/revisions"}],"predecessor-version":[{"id":3996,"href":"https:\/\/clementarki-portfolio.fr\/clementportfolio\/wp-json\/wp\/v2\/pages\/3797\/revisions\/3996"}],"wp:attachment":[{"href":"https:\/\/clementarki-portfolio.fr\/clementportfolio\/wp-json\/wp\/v2\/media?parent=3797"}],"curies":[{"name":"wp","href":"https:\/\/api.w.org\/{rel}","templated":true}]}}