{"id":3799,"date":"2024-03-04T19:29:50","date_gmt":"2024-03-04T18:29:50","guid":{"rendered":"https:\/\/clementarki-portfolio.fr\/clementportfolio\/?page_id=3799"},"modified":"2024-03-04T20:58:43","modified_gmt":"2024-03-04T19:58:43","slug":"m2l","status":"publish","type":"page","link":"https:\/\/clementarki-portfolio.fr\/clementportfolio\/m2l\/","title":{"rendered":"M2L (Maison des Ligues de Lorraine)"},"content":{"rendered":"\n<h1 class=\"wp-block-heading has-text-align-center has-black-color has-text-color has-link-color wp-elements-60135c7d0429c12a0cb99f73be6907e8\"><span style=\"text-decoration: underline;\"><strong>Projet de 1\u00e8re ann\u00e9e : Maison&nbsp;des Ligues de&nbsp;Lorraine (M2L)<\/strong><\/span><br><br><\/h1>\n\n\n\n<hr class=\"wp-block-separator has-alpha-channel-opacity is-style-wide\"\/>\n\n\n\n<p><\/p>\n\n\n\n<figure class=\"wp-block-image aligncenter size-full is-resized has-custom-border\"><img loading=\"lazy\" decoding=\"async\" width=\"400\" height=\"200\" src=\"http:\/\/clementarki-portfolio.fr\/clementportfolio\/wp-content\/uploads\/2023\/08\/image-6.png\" alt=\"\" class=\"wp-image-1378\" style=\"border-style:none;border-width:0px;border-radius:0px;width:284px;height:142px\"\/><\/figure>\n\n\n\n<p><\/p>\n\n\n\n<p class=\"has-text-align-center has-black-color has-text-color has-link-color wp-elements-d68721a6bcf06efc8d1c38efd5ee0dcf\">Le projet Maison des Ligues de Lorraine est une initiative de premi\u00e8re ann\u00e9e, faisant partie int\u00e9grante de la mati\u00e8re des Ateliers de Professionnalisation, qui traite de la gestion de missions vari\u00e9es pour r\u00e9pondre \u00e0 un besoin pr\u00e9cis. R\u00e9alis\u00e9 en bin\u00f4me, ce projet est directement li\u00e9 \u00e0 la sp\u00e9cialit\u00e9 choisie.<\/p>\n\n\n\n<p class=\"has-text-align-center has-black-color has-text-color has-link-color wp-elements-fb0484062a0c72151a9c2247993d3c97\">Dans le cas du choix de la sp\u00e9cialit\u00e9 SLAM, l&rsquo;objectif est d&rsquo;am\u00e9liorer le site internet d\u00e9j\u00e0 en place. Vous d\u00e9couvrirez ci-dessous les 4 missions, chacune avec ses propres objectifs.<\/p>\n\n\n\n<h4 class=\"wp-block-heading has-text-align-center has-black-color has-text-color has-link-color wp-elements-2f763798a4d9cd9637ac6d0cf56f2788\">Voici les missions ci-dessous : <\/h4>\n\n\n\n<div class=\"wp-block-columns is-layout-flex wp-container-core-columns-is-layout-28f84493 wp-block-columns-is-layout-flex\">\n<div class=\"wp-block-column is-layout-flow wp-block-column-is-layout-flow\">\n<h3 class=\"wp-block-heading has-text-align-center has-black-color has-text-color\"><strong>Mission 1 : \u00c9tude et Analyse du Contexte de M2L<\/strong><\/h3>\n\n\n\n<div class=\"wp-block-buttons is-content-justification-center is-layout-flex wp-container-core-buttons-is-layout-a89b3969 wp-block-buttons-is-layout-flex\">\n<div class=\"wp-block-button has-custom-font-size has-medium-font-size\"><a class=\"wp-block-button__link has-ast-global-color-3-background-color has-background wp-element-button\" href=\"http:\/\/clementarki-portfolio.fr\/clementportfolio\/wp-content\/uploads\/2023\/08\/Clement_Arki__Lucas_LAI_Mission_1.2-Correction.pdf\" target=\"_blank\" rel=\"noreferrer noopener\">Cliquez ici pour acc\u00e9der \u00e0 la mission 1<\/a><\/div>\n<\/div>\n<\/div>\n\n\n\n<div class=\"wp-block-column is-layout-flow wp-block-column-is-layout-flow\">\n<h3 class=\"wp-block-heading has-text-align-center has-black-color has-text-color\"><strong>Mission 2 : \u00c9tude de l&rsquo;existant du <\/strong><br><strong>SI<\/strong><\/h3>\n\n\n\n<div class=\"wp-block-buttons is-content-justification-center is-layout-flex wp-container-core-buttons-is-layout-a89b3969 wp-block-buttons-is-layout-flex\">\n<div class=\"wp-block-button has-custom-font-size has-medium-font-size\"><a class=\"wp-block-button__link has-ast-global-color-3-background-color has-background wp-element-button\" href=\"http:\/\/clementarki-portfolio.fr\/clementportfolio\/wp-content\/uploads\/2023\/08\/Mission_2_Lucas_LAI_Clement_Arki.pdf\" target=\"_blank\" rel=\"noreferrer noopener\">Cliquez ici pour acc\u00e9der \u00e0 la mission 2<\/a><\/div>\n<\/div>\n<\/div>\n<\/div>\n\n\n\n<hr class=\"wp-block-separator has-alpha-channel-opacity barre12 is-style-wide\"\/>\n\n\n\n<div class=\"wp-block-columns is-layout-flex wp-container-core-columns-is-layout-28f84493 wp-block-columns-is-layout-flex\">\n<div class=\"wp-block-column is-layout-flow wp-block-column-is-layout-flow\">\n<h3 class=\"wp-block-heading has-text-align-center has-black-color has-text-color\"><br><strong>Mission 3 : \u00c9tude du projet : Adh\u00e9sion ligues R\u00e9servation salles<\/strong><\/h3>\n\n\n\n<div class=\"wp-block-buttons is-content-justification-center is-layout-flex wp-container-core-buttons-is-layout-a89b3969 wp-block-buttons-is-layout-flex\">\n<div class=\"wp-block-button has-custom-font-size has-medium-font-size\"><a class=\"wp-block-button__link has-ast-global-color-3-background-color has-background wp-element-button\" href=\"http:\/\/clementarki-portfolio.fr\/clementportfolio\/wp-content\/uploads\/2023\/08\/Mission_3_Clement_Lucas_LAI_1_1-Correction.pdf\" target=\"_blank\" rel=\"noreferrer noopener\">Cliquez ici pour acc\u00e9der \u00e0 la mission 3<\/a><\/div>\n<\/div>\n<\/div>\n\n\n\n<div class=\"wp-block-column is-layout-flow wp-block-column-is-layout-flow\">\n<h3 class=\"wp-block-heading has-text-align-center has-black-color has-text-color\"><br><strong>Mission 4 : Gestion du Projet R\u00e9servation des salles et Adh\u00e9sion des ligues<\/strong><\/h3>\n\n\n\n<div class=\"wp-block-buttons is-content-justification-center is-layout-flex wp-container-core-buttons-is-layout-a89b3969 wp-block-buttons-is-layout-flex\">\n<div class=\"wp-block-button has-custom-font-size has-medium-font-size\"><a class=\"wp-block-button__link has-ast-global-color-3-background-color has-background wp-element-button\" href=\"http:\/\/clementarki-portfolio.fr\/clementportfolio\/wp-content\/uploads\/2023\/08\/Mission_4_LL_CA.pdf\" target=\"_blank\" rel=\"noreferrer noopener\">Cliquez ici pour acc\u00e9der \u00e0 la mission 4<\/a><\/div>\n<\/div>\n<\/div>\n<\/div>\n\n\n\n<p><\/p>\n","protected":false},"excerpt":{"rendered":"<p>Projet de 1\u00e8re ann\u00e9e : Maison&nbsp;des Ligues de&nbsp;Lorraine (M2L) Le projet Maison des Ligues de Lorraine est une initiative de premi\u00e8re ann\u00e9e, faisant partie int\u00e9grante de la mati\u00e8re des Ateliers de Professionnalisation, qui traite de la gestion de missions vari\u00e9es pour r\u00e9pondre \u00e0 un besoin pr\u00e9cis. R\u00e9alis\u00e9 en bin\u00f4me, ce projet est directement li\u00e9 \u00e0 &hellip;<\/p>\n<p class=\"read-more\"> <a class=\"\" href=\"https:\/\/clementarki-portfolio.fr\/clementportfolio\/m2l\/\"> <span class=\"screen-reader-text\">M2L (Maison des Ligues de Lorraine)<\/span> Lire la suite\u00a0\u00bb<\/a><\/p>\n","protected":false},"author":1,"featured_media":0,"parent":0,"menu_order":0,"comment_status":"closed","ping_status":"closed","template":"","meta":{"site-sidebar-layout":"default","site-content-layout":"default","ast-global-header-display":"","ast-banner-title-visibility":"","ast-main-header-display":"","ast-hfb-above-header-display":"","ast-hfb-below-header-display":"","ast-hfb-mobile-header-display":"","site-post-title":"","ast-breadcrumbs-content":"","ast-featured-img":"","footer-sml-layout":"","theme-transparent-header-meta":"","adv-header-id-meta":"","stick-header-meta":"","header-above-stick-meta":"","header-main-stick-meta":"","header-below-stick-meta":"","footnotes":""},"class_list":["post-3799","page","type-page","status-publish","hentry"],"_links":{"self":[{"href":"https:\/\/clementarki-portfolio.fr\/clementportfolio\/wp-json\/wp\/v2\/pages\/3799","targetHints":{"allow":["GET"]}}],"collection":[{"href":"https:\/\/clementarki-portfolio.fr\/clementportfolio\/wp-json\/wp\/v2\/pages"}],"about":[{"href":"https:\/\/clementarki-portfolio.fr\/clementportfolio\/wp-json\/wp\/v2\/types\/page"}],"author":[{"embeddable":true,"href":"https:\/\/clementarki-portfolio.fr\/clementportfolio\/wp-json\/wp\/v2\/users\/1"}],"replies":[{"embeddable":true,"href":"https:\/\/clementarki-portfolio.fr\/clementportfolio\/wp-json\/wp\/v2\/comments?post=3799"}],"version-history":[{"count":13,"href":"https:\/\/clementarki-portfolio.fr\/clementportfolio\/wp-json\/wp\/v2\/pages\/3799\/revisions"}],"predecessor-version":[{"id":3903,"href":"https:\/\/clementarki-portfolio.fr\/clementportfolio\/wp-json\/wp\/v2\/pages\/3799\/revisions\/3903"}],"wp:attachment":[{"href":"https:\/\/clementarki-portfolio.fr\/clementportfolio\/wp-json\/wp\/v2\/media?parent=3799"}],"curies":[{"name":"wp","href":"https:\/\/api.w.org\/{rel}","templated":true}]}}